{"id":1115,"date":"2024-11-29T11:57:25","date_gmt":"2024-11-29T10:57:25","guid":{"rendered":"https:\/\/josechimelisfineart.com\/?page_id=1115"},"modified":"2025-01-30T20:08:55","modified_gmt":"2025-01-30T19:08:55","slug":"aviso-legal","status":"publish","type":"page","link":"https:\/\/josechimelisfineart.com\/en_us\/aviso-legal\/","title":{"rendered":"Aviso Legal"},"content":{"rendered":"<div data-elementor-type=\"wp-page\" data-elementor-id=\"1115\" class=\"elementor elementor-1115\" data-elementor-post-type=\"page\">\n\t\t\t\t<div class=\"elementor-element elementor-element-13acd909 e-con-full e-flex e-con e-parent\" data-id=\"13acd909\" data-element_type=\"container\" data-e-type=\"container\" data-settings=\"{&quot;background_background&quot;:&quot;classic&quot;}\">\n\t\t<div class=\"elementor-element elementor-element-43580332 e-con-full e-flex e-con e-child\" data-id=\"43580332\" data-element_type=\"container\" data-e-type=\"container\">\n\t\t\t\t<div class=\"elementor-element elementor-element-5bcd975d elementor-widget elementor-widget-image\" data-id=\"5bcd975d\" data-element_type=\"widget\" data-e-type=\"widget\" data-widget_type=\"image.default\">\n\t\t\t\t<div class=\"elementor-widget-container\">\n\t\t\t\t\t\t\t\t\t\t\t\t\t\t\t<img fetchpriority=\"high\" decoding=\"async\" width=\"1536\" height=\"428\" src=\"https:\/\/josechimelisfineart.com\/wp-content\/uploads\/Sin-titulo-1-copia-1536x428.png\" class=\"attachment-1536x1536 size-1536x1536 wp-image-3789\" alt=\"Logo Jose Chimelis\" srcset=\"https:\/\/josechimelisfineart.com\/wp-content\/uploads\/Sin-titulo-1-copia-1536x428.png 1536w, https:\/\/josechimelisfineart.com\/wp-content\/uploads\/Sin-titulo-1-copia-768x214.png 768w, https:\/\/josechimelisfineart.com\/wp-content\/uploads\/Sin-titulo-1-copia-2048x571.png 2048w, https:\/\/josechimelisfineart.com\/wp-content\/uploads\/Sin-titulo-1-copia-18x5.png 18w, https:\/\/josechimelisfineart.com\/wp-content\/uploads\/Sin-titulo-1-copia-600x167.png 600w\" sizes=\"(max-width: 1536px) 100vw, 1536px\" \/>\t\t\t\t\t\t\t\t\t\t\t\t\t\t\t<\/div>\n\t\t\t\t<\/div>\n\t\t\t\t<\/div>\n\t\t<div class=\"elementor-element elementor-element-45e12f6c e-con-full e-flex e-con e-child\" data-id=\"45e12f6c\" data-element_type=\"container\" data-e-type=\"container\">\n\t\t\t\t<div class=\"elementor-element elementor-element-10c7742d elementor-nav-menu--dropdown-tablet elementor-nav-menu__text-align-aside elementor-nav-menu--toggle elementor-nav-menu--burger elementor-widget elementor-widget-nav-menu\" data-id=\"10c7742d\" data-element_type=\"widget\" data-e-type=\"widget\" data-settings=\"{&quot;layout&quot;:&quot;horizontal&quot;,&quot;submenu_icon&quot;:{&quot;value&quot;:&quot;&lt;svg aria-hidden=\\&quot;true\\&quot; class=\\&quot;e-font-icon-svg e-fas-caret-down\\&quot; viewBox=\\&quot;0 0 320 512\\&quot; xmlns=\\&quot;http:\\\/\\\/www.w3.org\\\/2000\\\/svg\\&quot;&gt;&lt;path d=\\&quot;M31.3 192h257.3c17.8 0 26.7 21.5 14.1 34.1L174.1 354.8c-7.8 7.8-20.5 7.8-28.3 0L17.2 226.1C4.6 213.5 13.5 192 31.3 192z\\&quot;&gt;&lt;\\\/path&gt;&lt;\\\/svg&gt;&quot;,&quot;library&quot;:&quot;fa-solid&quot;},&quot;toggle&quot;:&quot;burger&quot;}\" data-widget_type=\"nav-menu.default\">\n\t\t\t\t<div class=\"elementor-widget-container\">\n\t\t\t\t\t\t\t\t<nav aria-label=\"Menu\" class=\"elementor-nav-menu--main elementor-nav-menu__container elementor-nav-menu--layout-horizontal e--pointer-none\">\n\t\t\t\t<ul id=\"menu-1-10c7742d\" class=\"elementor-nav-menu\"><li class=\"menu-item menu-item-type-custom menu-item-object-custom menu-item-84\"><a href=\"https:\/\/josechimelisfineart.com\/\" class=\"elementor-item\">Home<\/a><\/li>\n<li class=\"menu-item menu-item-type-custom menu-item-object-custom menu-item-has-children menu-item-732\"><a href=\"#\" class=\"elementor-item elementor-item-anchor\">The Author<\/a>\n<ul class=\"sub-menu elementor-nav-menu--dropdown\">\n\t<li class=\"menu-item menu-item-type-post_type menu-item-object-page menu-item-182\"><a href=\"https:\/\/josechimelisfineart.com\/en_us\/sobre-mi\/\" class=\"elementor-sub-item\">About me<\/a><\/li>\n\t<li class=\"menu-item menu-item-type-post_type menu-item-object-page menu-item-624\"><a href=\"https:\/\/josechimelisfineart.com\/en_us\/contacto\/\" class=\"elementor-sub-item\">Contact<\/a><\/li>\n<\/ul>\n<\/li>\n<li class=\"menu-item menu-item-type-custom menu-item-object-custom menu-item-500\"><a target=\"_blank\" href=\"https:\/\/youtu.be\/1l-H6Witau4?si=_YWRcSJ2_eqGtWWB\" class=\"elementor-item\">Gallery Pro<\/a><\/li>\n<li class=\"menu-item menu-item-type-custom menu-item-object-custom menu-item-has-children menu-item-1160\"><a href=\"#\" class=\"elementor-item elementor-item-anchor\">Fotos Premium<\/a>\n<ul class=\"sub-menu elementor-nav-menu--dropdown\">\n\t<li class=\"menu-item menu-item-type-post_type menu-item-object-page menu-item-94\"><a href=\"https:\/\/josechimelisfineart.com\/en_us\/fotos-premium\/\" class=\"elementor-sub-item\">Elige tu foto<\/a><\/li>\n<\/ul>\n<\/li>\n<li class=\"menu-item menu-item-type-custom menu-item-object-custom menu-item-418\"><a target=\"_blank\" href=\"http:\/\/www.josechimelis.com\" class=\"elementor-item\">My web<\/a><\/li>\n<li class=\"menu-item menu-item-type-post_type menu-item-object-page menu-item-93\"><a href=\"https:\/\/josechimelisfineart.com\/en_us\/preguntas\/\" class=\"elementor-item\">Questions<\/a><\/li>\n<li class=\"menu-item menu-item-type-post_type menu-item-object-page menu-item-1610\"><a href=\"https:\/\/josechimelisfineart.com\/en_us\/registro-2\/\" class=\"elementor-item\">Registration<\/a><\/li>\n<li class=\"menu-item menu-item-type-post_type menu-item-object-page menu-item-has-children menu-item-1187\"><a href=\"https:\/\/josechimelisfineart.com\/en_us\/mi-cuenta\/\" class=\"elementor-item\">My account<\/a>\n<ul class=\"sub-menu elementor-nav-menu--dropdown\">\n\t<li class=\"menu-item menu-item-type-custom menu-item-object-custom menu-item-197\"><a href=\"https:\/\/josechimelisfineart.com\/mi-cuenta\/orders\/\" class=\"elementor-sub-item\">Orders<\/a><\/li>\n\t<li class=\"menu-item menu-item-type-custom menu-item-object-custom menu-item-198\"><a href=\"https:\/\/josechimelisfineart.com\/mi-cuenta\/downloads\/\" class=\"elementor-sub-item\">Downloads<\/a><\/li>\n\t<li class=\"menu-item menu-item-type-custom menu-item-object-custom menu-item-199\"><a href=\"https:\/\/josechimelisfineart.com\/mi-cuenta\/edit-address\/\" class=\"elementor-sub-item\">Address<\/a><\/li>\n\t<li class=\"menu-item menu-item-type-custom menu-item-object-custom menu-item-200\"><a href=\"https:\/\/josechimelisfineart.com\/mi-cuenta\/edit-account\/\" class=\"elementor-sub-item\">Account details<\/a><\/li>\n\t<li class=\"menu-item menu-item-type-custom menu-item-object-custom menu-item-202\"><a href=\"https:\/\/josechimelisfineart.com\/mi-cuenta\/lost-password\/\" class=\"elementor-sub-item\">Lost password<\/a><\/li>\n<\/ul>\n<\/li>\n<\/ul>\t\t\t<\/nav>\n\t\t\t\t\t<div class=\"elementor-menu-toggle\" role=\"button\" tabindex=\"0\" aria-label=\"Menu Toggle\" aria-expanded=\"false\">\n\t\t\t<svg aria-hidden=\"true\" role=\"presentation\" class=\"elementor-menu-toggle__icon--open e-font-icon-svg e-eicon-menu-bar\" viewbox=\"0 0 1000 1000\" xmlns=\"http:\/\/www.w3.org\/2000\/svg\"><path d=\"M104 333H896C929 333 958 304 958 271S929 208 896 208H104C71 208 42 237 42 271S71 333 104 333ZM104 583H896C929 583 958 554 958 521S929 458 896 458H104C71 458 42 487 42 521S71 583 104 583ZM104 833H896C929 833 958 804 958 771S929 708 896 708H104C71 708 42 737 42 771S71 833 104 833Z\"><\/path><\/svg><svg aria-hidden=\"true\" role=\"presentation\" class=\"elementor-menu-toggle__icon--close e-font-icon-svg e-eicon-close\" viewbox=\"0 0 1000 1000\" xmlns=\"http:\/\/www.w3.org\/2000\/svg\"><path d=\"M742 167L500 408 258 167C246 154 233 150 217 150 196 150 179 158 167 167 154 179 150 196 150 212 150 229 154 242 171 254L408 500 167 742C138 771 138 800 167 829 196 858 225 858 254 829L496 587 738 829C750 842 767 846 783 846 800 846 817 842 829 829 842 817 846 804 846 783 846 767 842 750 829 737L588 500 833 258C863 229 863 200 833 171 804 137 775 137 742 167Z\"><\/path><\/svg>\t\t<\/div>\n\t\t\t\t\t<nav class=\"elementor-nav-menu--dropdown elementor-nav-menu__container\" aria-hidden=\"true\">\n\t\t\t\t<ul id=\"menu-2-10c7742d\" class=\"elementor-nav-menu\"><li class=\"menu-item menu-item-type-custom menu-item-object-custom menu-item-84\"><a href=\"https:\/\/josechimelisfineart.com\/\" class=\"elementor-item\" tabindex=\"-1\">Home<\/a><\/li>\n<li class=\"menu-item menu-item-type-custom menu-item-object-custom menu-item-has-children menu-item-732\"><a href=\"#\" class=\"elementor-item elementor-item-anchor\" tabindex=\"-1\">The Author<\/a>\n<ul class=\"sub-menu elementor-nav-menu--dropdown\">\n\t<li class=\"menu-item menu-item-type-post_type menu-item-object-page menu-item-182\"><a href=\"https:\/\/josechimelisfineart.com\/en_us\/sobre-mi\/\" class=\"elementor-sub-item\" tabindex=\"-1\">About me<\/a><\/li>\n\t<li class=\"menu-item menu-item-type-post_type menu-item-object-page menu-item-624\"><a href=\"https:\/\/josechimelisfineart.com\/en_us\/contacto\/\" class=\"elementor-sub-item\" tabindex=\"-1\">Contact<\/a><\/li>\n<\/ul>\n<\/li>\n<li class=\"menu-item menu-item-type-custom menu-item-object-custom menu-item-500\"><a target=\"_blank\" href=\"https:\/\/youtu.be\/1l-H6Witau4?si=_YWRcSJ2_eqGtWWB\" class=\"elementor-item\" tabindex=\"-1\">Gallery Pro<\/a><\/li>\n<li class=\"menu-item menu-item-type-custom menu-item-object-custom menu-item-has-children menu-item-1160\"><a href=\"#\" class=\"elementor-item elementor-item-anchor\" tabindex=\"-1\">Fotos Premium<\/a>\n<ul class=\"sub-menu elementor-nav-menu--dropdown\">\n\t<li class=\"menu-item menu-item-type-post_type menu-item-object-page menu-item-94\"><a href=\"https:\/\/josechimelisfineart.com\/en_us\/fotos-premium\/\" class=\"elementor-sub-item\" tabindex=\"-1\">Elige tu foto<\/a><\/li>\n<\/ul>\n<\/li>\n<li class=\"menu-item menu-item-type-custom menu-item-object-custom menu-item-418\"><a target=\"_blank\" href=\"http:\/\/www.josechimelis.com\" class=\"elementor-item\" tabindex=\"-1\">My web<\/a><\/li>\n<li class=\"menu-item menu-item-type-post_type menu-item-object-page menu-item-93\"><a href=\"https:\/\/josechimelisfineart.com\/en_us\/preguntas\/\" class=\"elementor-item\" tabindex=\"-1\">Questions<\/a><\/li>\n<li class=\"menu-item menu-item-type-post_type menu-item-object-page menu-item-1610\"><a href=\"https:\/\/josechimelisfineart.com\/en_us\/registro-2\/\" class=\"elementor-item\" tabindex=\"-1\">Registration<\/a><\/li>\n<li class=\"menu-item menu-item-type-post_type menu-item-object-page menu-item-has-children menu-item-1187\"><a href=\"https:\/\/josechimelisfineart.com\/en_us\/mi-cuenta\/\" class=\"elementor-item\" tabindex=\"-1\">My account<\/a>\n<ul class=\"sub-menu elementor-nav-menu--dropdown\">\n\t<li class=\"menu-item menu-item-type-custom menu-item-object-custom menu-item-197\"><a href=\"https:\/\/josechimelisfineart.com\/mi-cuenta\/orders\/\" class=\"elementor-sub-item\" tabindex=\"-1\">Orders<\/a><\/li>\n\t<li class=\"menu-item menu-item-type-custom menu-item-object-custom menu-item-198\"><a href=\"https:\/\/josechimelisfineart.com\/mi-cuenta\/downloads\/\" class=\"elementor-sub-item\" tabindex=\"-1\">Downloads<\/a><\/li>\n\t<li class=\"menu-item menu-item-type-custom menu-item-object-custom menu-item-199\"><a href=\"https:\/\/josechimelisfineart.com\/mi-cuenta\/edit-address\/\" class=\"elementor-sub-item\" tabindex=\"-1\">Address<\/a><\/li>\n\t<li class=\"menu-item menu-item-type-custom menu-item-object-custom menu-item-200\"><a href=\"https:\/\/josechimelisfineart.com\/mi-cuenta\/edit-account\/\" class=\"elementor-sub-item\" tabindex=\"-1\">Account details<\/a><\/li>\n\t<li class=\"menu-item menu-item-type-custom menu-item-object-custom menu-item-202\"><a href=\"https:\/\/josechimelisfineart.com\/mi-cuenta\/lost-password\/\" class=\"elementor-sub-item\" tabindex=\"-1\">Lost password<\/a><\/li>\n<\/ul>\n<\/li>\n<\/ul>\t\t\t<\/nav>\n\t\t\t\t\t\t<\/div>\n\t\t\t\t<\/div>\n\t\t\t\t<\/div>\n\t\t<div class=\"elementor-element elementor-element-6fa26956 e-con-full e-flex e-con e-child\" data-id=\"6fa26956\" data-element_type=\"container\" data-e-type=\"container\">\n\t\t\t\t<\/div>\n\t\t\t\t<\/div>\n\t\t<div class=\"elementor-element elementor-element-2efd907 e-con-full e-flex e-con e-parent\" data-id=\"2efd907\" data-element_type=\"container\" data-e-type=\"container\" data-settings=\"{&quot;background_background&quot;:&quot;classic&quot;}\">\n\t\t<div class=\"elementor-element elementor-element-e608260 e-con-full e-flex e-con e-child\" data-id=\"e608260\" data-element_type=\"container\" data-e-type=\"container\">\n\t\t\t\t<div class=\"elementor-element elementor-element-3bd02e1 elementor-widget elementor-widget-heading\" data-id=\"3bd02e1\" data-element_type=\"widget\" data-e-type=\"widget\" data-widget_type=\"heading.default\">\n\t\t\t\t<div class=\"elementor-widget-container\">\n\t\t\t\t\t<h2 class=\"elementor-heading-title elementor-size-default\">LEGAL NOTICE<\/h2>\t\t\t\t<\/div>\n\t\t\t\t<\/div>\n\t\t\t\t<div class=\"elementor-element elementor-element-79a5319 elementor-widget elementor-widget-text-editor\" data-id=\"79a5319\" data-element_type=\"widget\" data-e-type=\"widget\" data-widget_type=\"text-editor.default\">\n\t\t\t\t<div class=\"elementor-widget-container\">\n\t\t\t\t\t\t\t\t\t<p>\u00a0<\/p><div class=\"group\/conversation-turn relative flex w-full min-w-0 flex-col agent-turn\"><div class=\"flex-col gap-1 md:gap-3\"><div class=\"flex max-w-full flex-col flex-grow AIPRM__conversation__response\"><div class=\"min-h-8 text-message flex w-full flex-col items-end gap-2 whitespace-normal break-words [.text-message+&amp;]:mt-5\" dir=\"auto\" data-message-author-role=\"assistant\" data-message-id=\"cf834f4a-b47a-4378-aad8-83a079270621\" data-message-model-slug=\"gpt-4o\"><div class=\"flex w-full flex-col gap-1 empty:hidden first:pt-[3px]\"><div class=\"markdown prose w-full break-words dark:prose-invert light\"><p><span style=\"color: #999999;\"><strong>Social Reason:<\/strong> Piher Bathrooms S. L<\/span><br \/><span style=\"color: #999999;\"><strong>Registered Office:<\/strong> Calle Antonio Ribas 28 low, 07006, Palma de Mallorca, Balearic islands, Spain<\/span><br \/><span style=\"color: #999999;\"><strong>CIF:<\/strong> B57110850<\/span><\/p><p><span style=\"color: #999999;\"><strong>Contact details:<\/strong><\/span><\/p><ul><li><span style=\"color: #999999;\"><strong>Mobile phone and WhatsApp:<\/strong> 637320754<\/span><\/li><li><span style=\"color: #999999;\"><strong>E-mail:<\/strong><\/span><ul><li><span style=\"color: #999999;\"><strong><a style=\"color: #999999;\" rel=\"noopener\">hello@josechimelisfineart.com<\/a><\/strong><\/span><\/li><li><span style=\"color: #999999;\"><strong><a style=\"color: #999999;\" rel=\"noopener\">orders@josechimelisfineart.com<\/a><\/strong><\/span><\/li><\/ul><\/li><\/ul><hr \/><h4><span style=\"color: #800000;\"><strong>Ownership of Web Site<\/strong><\/span><\/h4><p><span style=\"color: #999999;\">This web site is the property of <strong>Piher Bathrooms S. L<\/strong>. Access to and use of this website is subject to the terms and conditions detailed below.<\/span><\/p><hr \/><h4><span style=\"color: #800000;\"><strong>Terms of Use<\/strong><\/span><\/h4><p><span style=\"color: #999999;\">The use of this website implies the full acceptance of the legal terms and conditions detailed here. The company reserves the right to modify, at any time and without prior notice, the presentation, configuration and content of the website, as well as the conditions for their use.<\/span><\/p><h4><span style=\"color: #800000;\"><strong>Intellectual Property<\/strong><\/span><\/h4><p><span style=\"color: #999999;\">All rights of intellectual and industrial property rights of the contents of this web site, including texts, images, designs, and any other material, are the exclusive property of <strong>Piher Bathrooms S. L<\/strong> or third parties who have authorized their use.<\/span><\/p><p><span style=\"color: #999999;\">Reproduction, distribution, public communication or transformation, in whole or in part, of any content without prior written authorization of the company.<\/span><\/p><hr \/><h4><span style=\"color: #800000;\"><strong>Responsibilities<\/strong><\/span><\/h4><p><span style=\"color: #999999;\">The company is not responsible for the possible damages arising out of access to or use of the information contained on the website, including damage to computer systems or the introduction of viruses.<\/span><\/p><h4><span style=\"color: #800000;\"><strong>Jurisdiction and Applicable Law<\/strong><\/span><\/h4><p><span style=\"color: #999999;\">This Legal Notice shall be governed by the laws of Spain. For any dispute that may arise from the use of this web site, the parties submit to the jurisdiction of the courts and tribunals of Palma de Mallorca.<\/span><\/p><\/div><\/div><\/div><\/div><\/div><\/div>\t\t\t\t\t\t\t\t<\/div>\n\t\t\t\t<\/div>\n\t\t\t\t<div class=\"elementor-element elementor-element-01df0c5 elementor-widget elementor-widget-image\" data-id=\"01df0c5\" data-element_type=\"widget\" data-e-type=\"widget\" data-widget_type=\"image.default\">\n\t\t\t\t<div class=\"elementor-widget-container\">\n\t\t\t\t\t\t\t\t\t\t\t\t\t\t\t<img decoding=\"async\" width=\"500\" height=\"500\" data-src=\"https:\/\/josechimelisfineart.com\/wp-content\/uploads\/Diseno-sin-titulo-57.png\" class=\"attachment-1536x1536 size-1536x1536 wp-image-3820 lazyload\" alt=\"Logo Jose Chimelis\" data-srcset=\"https:\/\/josechimelisfineart.com\/wp-content\/uploads\/Diseno-sin-titulo-57.png 500w, https:\/\/josechimelisfineart.com\/wp-content\/uploads\/Diseno-sin-titulo-57-12x12.png 12w, https:\/\/josechimelisfineart.com\/wp-content\/uploads\/Diseno-sin-titulo-57-300x300.png 300w, https:\/\/josechimelisfineart.com\/wp-content\/uploads\/Diseno-sin-titulo-57-100x100.png 100w, https:\/\/josechimelisfineart.com\/wp-content\/uploads\/Diseno-sin-titulo-57-50x50.png 50w\" data-sizes=\"(max-width: 500px) 100vw, 500px\" src=\"data:image\/svg+xml;base64,PHN2ZyB3aWR0aD0iMSIgaGVpZ2h0PSIxIiB4bWxucz0iaHR0cDovL3d3dy53My5vcmcvMjAwMC9zdmciPjwvc3ZnPg==\" style=\"--smush-placeholder-width: 500px; --smush-placeholder-aspect-ratio: 500\/500;\" \/>\t\t\t\t\t\t\t\t\t\t\t\t\t\t\t<\/div>\n\t\t\t\t<\/div>\n\t\t\t\t<\/div>\n\t\t\t\t<\/div>\n\t\t\t\t<\/div>","protected":false},"excerpt":{"rendered":"<p>AVISO LEGAL \u00a0 Raz\u00f3n Social: Piher Ba\u00f1os S.LDomicilio Social: Calle Antonio Ribas n\u00ba28 bajos, 07006, Palma de Mallorca, Baleares, Espa\u00f1aCIF: B57110850 Datos de contacto: Tel\u00e9fono m\u00f3vil y WhatsApp: 637320754 Correo electr\u00f3nico: hello@josechimelisfineart.com orders@josechimelisfineart.com Propiedad del Sitio Web El presente sitio web es propiedad de Piher Ba\u00f1os S.L. El acceso y uso de este sitio est\u00e1 &#8230; <a title=\"Aviso Legal\" class=\"read-more\" href=\"https:\/\/josechimelisfineart.com\/en_us\/aviso-legal\/\" aria-label=\"Read more about Aviso Legal\">Read more<\/a><\/p>","protected":false},"author":1,"featured_media":0,"parent":0,"menu_order":0,"comment_status":"closed","ping_status":"closed","template":"elementor_canvas","meta":{"footnotes":""},"class_list":["post-1115","page","type-page","status-publish"],"yoast_head":"<!-- This site is optimized with the Yoast SEO plugin v27.4 - https:\/\/yoast.com\/product\/yoast-seo-wordpress\/ -->\n<title>Aviso Legal - Jose Chimelis fine art<\/title>\n<meta name=\"robots\" content=\"index, follow, max-snippet:-1, max-image-preview:large, max-video-preview:-1\" \/>\n<link rel=\"canonical\" href=\"https:\/\/josechimelisfineart.com\/en_us\/aviso-legal\/\" \/>\n<meta property=\"og:locale\" content=\"en_US\" \/>\n<meta property=\"og:type\" content=\"article\" \/>\n<meta property=\"og:title\" content=\"Aviso Legal - Jose Chimelis fine art\" \/>\n<meta property=\"og:description\" content=\"AVISO LEGAL \u00a0 Raz\u00f3n Social: Piher Ba\u00f1os S.LDomicilio Social: Calle Antonio Ribas n\u00ba28 bajos, 07006, Palma de Mallorca, Baleares, Espa\u00f1aCIF: B57110850 Datos de contacto: Tel\u00e9fono m\u00f3vil y WhatsApp: 637320754 Correo electr\u00f3nico: hello@josechimelisfineart.com orders@josechimelisfineart.com Propiedad del Sitio Web El presente sitio web es propiedad de Piher Ba\u00f1os S.L. El acceso y uso de este sitio est\u00e1 ... Read more\" \/>\n<meta property=\"og:url\" content=\"https:\/\/josechimelisfineart.com\/en_us\/aviso-legal\/\" \/>\n<meta property=\"og:site_name\" content=\"Jose Chimelis fine art\" \/>\n<meta property=\"article:modified_time\" content=\"2025-01-30T19:08:55+00:00\" \/>\n<meta property=\"og:image\" content=\"https:\/\/josechimelisfineart.com\/wp-content\/uploads\/Sin-titulo-1-copia.png\" \/>\n\t<meta property=\"og:image:width\" content=\"2213\" \/>\n\t<meta property=\"og:image:height\" content=\"617\" \/>\n\t<meta property=\"og:image:type\" content=\"image\/png\" \/>\n<meta name=\"twitter:card\" content=\"summary_large_image\" \/>\n<meta name=\"twitter:label1\" content=\"Est. reading time\" \/>\n\t<meta name=\"twitter:data1\" content=\"1 minute\" \/>\n<script type=\"application\/ld+json\" class=\"yoast-schema-graph\">{\"@context\":\"https:\\\/\\\/schema.org\",\"@graph\":[{\"@type\":\"WebPage\",\"@id\":\"https:\\\/\\\/josechimelisfineart.com\\\/aviso-legal\\\/\",\"url\":\"https:\\\/\\\/josechimelisfineart.com\\\/aviso-legal\\\/\",\"name\":\"Aviso Legal - Jose Chimelis fine art\",\"isPartOf\":{\"@id\":\"https:\\\/\\\/josechimelisfineart.com\\\/#website\"},\"primaryImageOfPage\":{\"@id\":\"https:\\\/\\\/josechimelisfineart.com\\\/aviso-legal\\\/#primaryimage\"},\"image\":{\"@id\":\"https:\\\/\\\/josechimelisfineart.com\\\/aviso-legal\\\/#primaryimage\"},\"thumbnailUrl\":\"https:\\\/\\\/josechimelisfineart.com\\\/wp-content\\\/uploads\\\/Sin-titulo-1-copia-1536x428.png\",\"datePublished\":\"2024-11-29T10:57:25+00:00\",\"dateModified\":\"2025-01-30T19:08:55+00:00\",\"breadcrumb\":{\"@id\":\"https:\\\/\\\/josechimelisfineart.com\\\/aviso-legal\\\/#breadcrumb\"},\"inLanguage\":\"en-US\",\"potentialAction\":[{\"@type\":\"ReadAction\",\"target\":[\"https:\\\/\\\/josechimelisfineart.com\\\/aviso-legal\\\/\"]}]},{\"@type\":\"ImageObject\",\"inLanguage\":\"en-US\",\"@id\":\"https:\\\/\\\/josechimelisfineart.com\\\/aviso-legal\\\/#primaryimage\",\"url\":\"https:\\\/\\\/josechimelisfineart.com\\\/wp-content\\\/uploads\\\/Sin-titulo-1-copia-1536x428.png\",\"contentUrl\":\"https:\\\/\\\/josechimelisfineart.com\\\/wp-content\\\/uploads\\\/Sin-titulo-1-copia-1536x428.png\"},{\"@type\":\"BreadcrumbList\",\"@id\":\"https:\\\/\\\/josechimelisfineart.com\\\/aviso-legal\\\/#breadcrumb\",\"itemListElement\":[{\"@type\":\"ListItem\",\"position\":1,\"name\":\"Portada\",\"item\":\"https:\\\/\\\/josechimelisfineart.com\\\/\"},{\"@type\":\"ListItem\",\"position\":2,\"name\":\"Aviso Legal\"}]},{\"@type\":\"WebSite\",\"@id\":\"https:\\\/\\\/josechimelisfineart.com\\\/#website\",\"url\":\"https:\\\/\\\/josechimelisfineart.com\\\/\",\"name\":\"Jose Chimelis fine art\",\"description\":\"\",\"potentialAction\":[{\"@type\":\"SearchAction\",\"target\":{\"@type\":\"EntryPoint\",\"urlTemplate\":\"https:\\\/\\\/josechimelisfineart.com\\\/?s={search_term_string}\"},\"query-input\":{\"@type\":\"PropertyValueSpecification\",\"valueRequired\":true,\"valueName\":\"search_term_string\"}}],\"inLanguage\":\"en-US\"}]}<\/script>\n<!-- \/ Yoast SEO plugin. -->","yoast_head_json":{"title":"Aviso Legal - Jose Chimelis fine art","robots":{"index":"index","follow":"follow","max-snippet":"max-snippet:-1","max-image-preview":"max-image-preview:large","max-video-preview":"max-video-preview:-1"},"canonical":"https:\/\/josechimelisfineart.com\/en_us\/aviso-legal\/","og_locale":"en_US","og_type":"article","og_title":"Aviso Legal - Jose Chimelis fine art","og_description":"AVISO LEGAL \u00a0 Raz\u00f3n Social: Piher Ba\u00f1os S.LDomicilio Social: Calle Antonio Ribas n\u00ba28 bajos, 07006, Palma de Mallorca, Baleares, Espa\u00f1aCIF: B57110850 Datos de contacto: Tel\u00e9fono m\u00f3vil y WhatsApp: 637320754 Correo electr\u00f3nico: hello@josechimelisfineart.com orders@josechimelisfineart.com Propiedad del Sitio Web El presente sitio web es propiedad de Piher Ba\u00f1os S.L. El acceso y uso de este sitio est\u00e1 ... Read more","og_url":"https:\/\/josechimelisfineart.com\/en_us\/aviso-legal\/","og_site_name":"Jose Chimelis fine art","article_modified_time":"2025-01-30T19:08:55+00:00","og_image":[{"width":2213,"height":617,"url":"https:\/\/josechimelisfineart.com\/wp-content\/uploads\/Sin-titulo-1-copia.png","type":"image\/png"}],"twitter_card":"summary_large_image","twitter_misc":{"Est. reading time":"1 minute"},"schema":{"@context":"https:\/\/schema.org","@graph":[{"@type":"WebPage","@id":"https:\/\/josechimelisfineart.com\/aviso-legal\/","url":"https:\/\/josechimelisfineart.com\/aviso-legal\/","name":"Aviso Legal - Jose Chimelis fine art","isPartOf":{"@id":"https:\/\/josechimelisfineart.com\/#website"},"primaryImageOfPage":{"@id":"https:\/\/josechimelisfineart.com\/aviso-legal\/#primaryimage"},"image":{"@id":"https:\/\/josechimelisfineart.com\/aviso-legal\/#primaryimage"},"thumbnailUrl":"https:\/\/josechimelisfineart.com\/wp-content\/uploads\/Sin-titulo-1-copia-1536x428.png","datePublished":"2024-11-29T10:57:25+00:00","dateModified":"2025-01-30T19:08:55+00:00","breadcrumb":{"@id":"https:\/\/josechimelisfineart.com\/aviso-legal\/#breadcrumb"},"inLanguage":"en-US","potentialAction":[{"@type":"ReadAction","target":["https:\/\/josechimelisfineart.com\/aviso-legal\/"]}]},{"@type":"ImageObject","inLanguage":"en-US","@id":"https:\/\/josechimelisfineart.com\/aviso-legal\/#primaryimage","url":"https:\/\/josechimelisfineart.com\/wp-content\/uploads\/Sin-titulo-1-copia-1536x428.png","contentUrl":"https:\/\/josechimelisfineart.com\/wp-content\/uploads\/Sin-titulo-1-copia-1536x428.png"},{"@type":"BreadcrumbList","@id":"https:\/\/josechimelisfineart.com\/aviso-legal\/#breadcrumb","itemListElement":[{"@type":"ListItem","position":1,"name":"Portada","item":"https:\/\/josechimelisfineart.com\/"},{"@type":"ListItem","position":2,"name":"Aviso Legal"}]},{"@type":"WebSite","@id":"https:\/\/josechimelisfineart.com\/#website","url":"https:\/\/josechimelisfineart.com\/","name":"Jose Chimelis fine art","description":"","potentialAction":[{"@type":"SearchAction","target":{"@type":"EntryPoint","urlTemplate":"https:\/\/josechimelisfineart.com\/?s={search_term_string}"},"query-input":{"@type":"PropertyValueSpecification","valueRequired":true,"valueName":"search_term_string"}}],"inLanguage":"en-US"}]}},"_links":{"self":[{"href":"https:\/\/josechimelisfineart.com\/en_us\/wp-json\/wp\/v2\/pages\/1115","targetHints":{"allow":["GET"]}}],"collection":[{"href":"https:\/\/josechimelisfineart.com\/en_us\/wp-json\/wp\/v2\/pages"}],"about":[{"href":"https:\/\/josechimelisfineart.com\/en_us\/wp-json\/wp\/v2\/types\/page"}],"author":[{"embeddable":true,"href":"https:\/\/josechimelisfineart.com\/en_us\/wp-json\/wp\/v2\/users\/1"}],"replies":[{"embeddable":true,"href":"https:\/\/josechimelisfineart.com\/en_us\/wp-json\/wp\/v2\/comments?post=1115"}],"version-history":[{"count":23,"href":"https:\/\/josechimelisfineart.com\/en_us\/wp-json\/wp\/v2\/pages\/1115\/revisions"}],"predecessor-version":[{"id":3896,"href":"https:\/\/josechimelisfineart.com\/en_us\/wp-json\/wp\/v2\/pages\/1115\/revisions\/3896"}],"wp:attachment":[{"href":"https:\/\/josechimelisfineart.com\/en_us\/wp-json\/wp\/v2\/media?parent=1115"}],"curies":[{"name":"wp","href":"https:\/\/api.w.org\/{rel}","templated":true}]}}