{"id":1130,"date":"2024-11-29T12:04:01","date_gmt":"2024-11-29T11:04:01","guid":{"rendered":"https:\/\/josechimelisfineart.com\/?page_id=1130"},"modified":"2025-01-30T19:50:16","modified_gmt":"2025-01-30T18:50:16","slug":"politica-de-privacidad","status":"publish","type":"page","link":"https:\/\/josechimelisfineart.com\/en_us\/politica-de-privacidad\/","title":{"rendered":"Pol\u00edtica de Privacidad"},"content":{"rendered":"<div data-elementor-type=\"wp-page\" data-elementor-id=\"1130\" class=\"elementor elementor-1130\" data-elementor-post-type=\"page\">\n\t\t\t\t<div class=\"elementor-element elementor-element-4b7bb55b e-con-full e-flex e-con e-parent\" data-id=\"4b7bb55b\" data-element_type=\"container\" data-e-type=\"container\" data-settings=\"{&quot;background_background&quot;:&quot;classic&quot;}\">\n\t\t<div class=\"elementor-element elementor-element-72154368 e-con-full e-flex e-con e-child\" data-id=\"72154368\" data-element_type=\"container\" data-e-type=\"container\">\n\t\t\t\t<div class=\"elementor-element elementor-element-44353478 elementor-widget elementor-widget-image\" data-id=\"44353478\" data-element_type=\"widget\" data-e-type=\"widget\" data-widget_type=\"image.default\">\n\t\t\t\t<div class=\"elementor-widget-container\">\n\t\t\t\t\t\t\t\t\t\t\t\t\t\t\t<img decoding=\"async\" width=\"96\" height=\"96\" data-src=\"https:\/\/josechimelisfineart.com\/wp-content\/uploads\/2024\/11\/logo-firma-faro-Blanco-150x150.png\" class=\"attachment-thumbnail size-thumbnail wp-image-399 lazyload\" alt=\"logo faro\" data-srcset=\"https:\/\/josechimelisfineart.com\/wp-content\/uploads\/2024\/11\/logo-firma-faro-Blanco-150x150.png 150w, https:\/\/josechimelisfineart.com\/wp-content\/uploads\/2024\/11\/logo-firma-faro-Blanco-13x12.png 13w, https:\/\/josechimelisfineart.com\/wp-content\/uploads\/2024\/11\/logo-firma-faro-Blanco-300x300.png 300w, https:\/\/josechimelisfineart.com\/wp-content\/uploads\/2024\/11\/logo-firma-faro-Blanco-100x100.png 100w, https:\/\/josechimelisfineart.com\/wp-content\/uploads\/2024\/11\/logo-firma-faro-Blanco-50x50.png 50w\" data-sizes=\"(max-width: 96px) 100vw, 96px\" src=\"data:image\/svg+xml;base64,PHN2ZyB3aWR0aD0iMSIgaGVpZ2h0PSIxIiB4bWxucz0iaHR0cDovL3d3dy53My5vcmcvMjAwMC9zdmciPjwvc3ZnPg==\" style=\"--smush-placeholder-width: 96px; --smush-placeholder-aspect-ratio: 96\/96;\" \/>\t\t\t\t\t\t\t\t\t\t\t\t\t\t\t<\/div>\n\t\t\t\t<\/div>\n\t\t\t\t<\/div>\n\t\t<div class=\"elementor-element elementor-element-2f5db33f e-con-full e-flex e-con e-child\" data-id=\"2f5db33f\" data-element_type=\"container\" data-e-type=\"container\">\n\t\t\t\t<div class=\"elementor-element elementor-element-4df68e64 elementor-nav-menu--dropdown-tablet elementor-nav-menu__text-align-aside elementor-nav-menu--toggle elementor-nav-menu--burger elementor-widget elementor-widget-nav-menu\" data-id=\"4df68e64\" data-element_type=\"widget\" data-e-type=\"widget\" data-settings=\"{&quot;layout&quot;:&quot;horizontal&quot;,&quot;submenu_icon&quot;:{&quot;value&quot;:&quot;&lt;svg aria-hidden=\\&quot;true\\&quot; class=\\&quot;e-font-icon-svg e-fas-caret-down\\&quot; viewBox=\\&quot;0 0 320 512\\&quot; xmlns=\\&quot;http:\\\/\\\/www.w3.org\\\/2000\\\/svg\\&quot;&gt;&lt;path d=\\&quot;M31.3 192h257.3c17.8 0 26.7 21.5 14.1 34.1L174.1 354.8c-7.8 7.8-20.5 7.8-28.3 0L17.2 226.1C4.6 213.5 13.5 192 31.3 192z\\&quot;&gt;&lt;\\\/path&gt;&lt;\\\/svg&gt;&quot;,&quot;library&quot;:&quot;fa-solid&quot;},&quot;toggle&quot;:&quot;burger&quot;}\" data-widget_type=\"nav-menu.default\">\n\t\t\t\t<div class=\"elementor-widget-container\">\n\t\t\t\t\t\t\t\t<nav aria-label=\"Menu\" class=\"elementor-nav-menu--main elementor-nav-menu__container elementor-nav-menu--layout-horizontal e--pointer-none\">\n\t\t\t\t<ul id=\"menu-1-4df68e64\" class=\"elementor-nav-menu\"><li class=\"menu-item menu-item-type-custom menu-item-object-custom menu-item-84\"><a href=\"https:\/\/josechimelisfineart.com\/\" class=\"elementor-item\">Home<\/a><\/li>\n<li class=\"menu-item menu-item-type-custom menu-item-object-custom menu-item-has-children menu-item-732\"><a href=\"#\" class=\"elementor-item elementor-item-anchor\">The Author<\/a>\n<ul class=\"sub-menu elementor-nav-menu--dropdown\">\n\t<li class=\"menu-item menu-item-type-post_type menu-item-object-page menu-item-182\"><a href=\"https:\/\/josechimelisfineart.com\/en_us\/sobre-mi\/\" class=\"elementor-sub-item\">About me<\/a><\/li>\n\t<li class=\"menu-item menu-item-type-post_type menu-item-object-page menu-item-624\"><a href=\"https:\/\/josechimelisfineart.com\/en_us\/contacto\/\" class=\"elementor-sub-item\">Contact<\/a><\/li>\n<\/ul>\n<\/li>\n<li class=\"menu-item menu-item-type-custom menu-item-object-custom menu-item-500\"><a target=\"_blank\" href=\"https:\/\/youtu.be\/1l-H6Witau4?si=_YWRcSJ2_eqGtWWB\" class=\"elementor-item\">Gallery Pro<\/a><\/li>\n<li class=\"menu-item menu-item-type-custom menu-item-object-custom menu-item-has-children menu-item-1160\"><a href=\"#\" class=\"elementor-item elementor-item-anchor\">Fotos Premium<\/a>\n<ul class=\"sub-menu elementor-nav-menu--dropdown\">\n\t<li class=\"menu-item menu-item-type-post_type menu-item-object-page menu-item-94\"><a href=\"https:\/\/josechimelisfineart.com\/en_us\/fotos-premium\/\" class=\"elementor-sub-item\">Elige tu foto<\/a><\/li>\n<\/ul>\n<\/li>\n<li class=\"menu-item menu-item-type-custom menu-item-object-custom menu-item-418\"><a target=\"_blank\" href=\"http:\/\/www.josechimelis.com\" class=\"elementor-item\">My web<\/a><\/li>\n<li class=\"menu-item menu-item-type-post_type menu-item-object-page menu-item-93\"><a href=\"https:\/\/josechimelisfineart.com\/en_us\/preguntas\/\" class=\"elementor-item\">Questions<\/a><\/li>\n<li class=\"menu-item menu-item-type-post_type menu-item-object-page menu-item-1610\"><a href=\"https:\/\/josechimelisfineart.com\/en_us\/registro-2\/\" class=\"elementor-item\">Registration<\/a><\/li>\n<li class=\"menu-item menu-item-type-post_type menu-item-object-page menu-item-has-children menu-item-1187\"><a href=\"https:\/\/josechimelisfineart.com\/en_us\/mi-cuenta\/\" class=\"elementor-item\">My account<\/a>\n<ul class=\"sub-menu elementor-nav-menu--dropdown\">\n\t<li class=\"menu-item menu-item-type-custom menu-item-object-custom menu-item-197\"><a href=\"https:\/\/josechimelisfineart.com\/mi-cuenta\/orders\/\" class=\"elementor-sub-item\">Orders<\/a><\/li>\n\t<li class=\"menu-item menu-item-type-custom menu-item-object-custom menu-item-198\"><a href=\"https:\/\/josechimelisfineart.com\/mi-cuenta\/downloads\/\" class=\"elementor-sub-item\">Downloads<\/a><\/li>\n\t<li class=\"menu-item menu-item-type-custom menu-item-object-custom menu-item-199\"><a href=\"https:\/\/josechimelisfineart.com\/mi-cuenta\/edit-address\/\" class=\"elementor-sub-item\">Address<\/a><\/li>\n\t<li class=\"menu-item menu-item-type-custom menu-item-object-custom menu-item-200\"><a href=\"https:\/\/josechimelisfineart.com\/mi-cuenta\/edit-account\/\" class=\"elementor-sub-item\">Account details<\/a><\/li>\n\t<li class=\"menu-item menu-item-type-custom menu-item-object-custom menu-item-202\"><a href=\"https:\/\/josechimelisfineart.com\/mi-cuenta\/lost-password\/\" class=\"elementor-sub-item\">Lost password<\/a><\/li>\n<\/ul>\n<\/li>\n<\/ul>\t\t\t<\/nav>\n\t\t\t\t\t<div class=\"elementor-menu-toggle\" role=\"button\" tabindex=\"0\" aria-label=\"Menu Toggle\" aria-expanded=\"false\">\n\t\t\t<svg aria-hidden=\"true\" role=\"presentation\" class=\"elementor-menu-toggle__icon--open e-font-icon-svg e-eicon-menu-bar\" viewbox=\"0 0 1000 1000\" xmlns=\"http:\/\/www.w3.org\/2000\/svg\"><path d=\"M104 333H896C929 333 958 304 958 271S929 208 896 208H104C71 208 42 237 42 271S71 333 104 333ZM104 583H896C929 583 958 554 958 521S929 458 896 458H104C71 458 42 487 42 521S71 583 104 583ZM104 833H896C929 833 958 804 958 771S929 708 896 708H104C71 708 42 737 42 771S71 833 104 833Z\"><\/path><\/svg><svg aria-hidden=\"true\" role=\"presentation\" class=\"elementor-menu-toggle__icon--close e-font-icon-svg e-eicon-close\" viewbox=\"0 0 1000 1000\" xmlns=\"http:\/\/www.w3.org\/2000\/svg\"><path d=\"M742 167L500 408 258 167C246 154 233 150 217 150 196 150 179 158 167 167 154 179 150 196 150 212 150 229 154 242 171 254L408 500 167 742C138 771 138 800 167 829 196 858 225 858 254 829L496 587 738 829C750 842 767 846 783 846 800 846 817 842 829 829 842 817 846 804 846 783 846 767 842 750 829 737L588 500 833 258C863 229 863 200 833 171 804 137 775 137 742 167Z\"><\/path><\/svg>\t\t<\/div>\n\t\t\t\t\t<nav class=\"elementor-nav-menu--dropdown elementor-nav-menu__container\" aria-hidden=\"true\">\n\t\t\t\t<ul id=\"menu-2-4df68e64\" class=\"elementor-nav-menu\"><li class=\"menu-item menu-item-type-custom menu-item-object-custom menu-item-84\"><a href=\"https:\/\/josechimelisfineart.com\/\" class=\"elementor-item\" tabindex=\"-1\">Home<\/a><\/li>\n<li class=\"menu-item menu-item-type-custom menu-item-object-custom menu-item-has-children menu-item-732\"><a href=\"#\" class=\"elementor-item elementor-item-anchor\" tabindex=\"-1\">The Author<\/a>\n<ul class=\"sub-menu elementor-nav-menu--dropdown\">\n\t<li class=\"menu-item menu-item-type-post_type menu-item-object-page menu-item-182\"><a href=\"https:\/\/josechimelisfineart.com\/en_us\/sobre-mi\/\" class=\"elementor-sub-item\" tabindex=\"-1\">About me<\/a><\/li>\n\t<li class=\"menu-item menu-item-type-post_type menu-item-object-page menu-item-624\"><a href=\"https:\/\/josechimelisfineart.com\/en_us\/contacto\/\" class=\"elementor-sub-item\" tabindex=\"-1\">Contact<\/a><\/li>\n<\/ul>\n<\/li>\n<li class=\"menu-item menu-item-type-custom menu-item-object-custom menu-item-500\"><a target=\"_blank\" href=\"https:\/\/youtu.be\/1l-H6Witau4?si=_YWRcSJ2_eqGtWWB\" class=\"elementor-item\" tabindex=\"-1\">Gallery Pro<\/a><\/li>\n<li class=\"menu-item menu-item-type-custom menu-item-object-custom menu-item-has-children menu-item-1160\"><a href=\"#\" class=\"elementor-item elementor-item-anchor\" tabindex=\"-1\">Fotos Premium<\/a>\n<ul class=\"sub-menu elementor-nav-menu--dropdown\">\n\t<li class=\"menu-item menu-item-type-post_type menu-item-object-page menu-item-94\"><a href=\"https:\/\/josechimelisfineart.com\/en_us\/fotos-premium\/\" class=\"elementor-sub-item\" tabindex=\"-1\">Elige tu foto<\/a><\/li>\n<\/ul>\n<\/li>\n<li class=\"menu-item menu-item-type-custom menu-item-object-custom menu-item-418\"><a target=\"_blank\" href=\"http:\/\/www.josechimelis.com\" class=\"elementor-item\" tabindex=\"-1\">My web<\/a><\/li>\n<li class=\"menu-item menu-item-type-post_type menu-item-object-page menu-item-93\"><a href=\"https:\/\/josechimelisfineart.com\/en_us\/preguntas\/\" class=\"elementor-item\" tabindex=\"-1\">Questions<\/a><\/li>\n<li class=\"menu-item menu-item-type-post_type menu-item-object-page menu-item-1610\"><a href=\"https:\/\/josechimelisfineart.com\/en_us\/registro-2\/\" class=\"elementor-item\" tabindex=\"-1\">Registration<\/a><\/li>\n<li class=\"menu-item menu-item-type-post_type menu-item-object-page menu-item-has-children menu-item-1187\"><a href=\"https:\/\/josechimelisfineart.com\/en_us\/mi-cuenta\/\" class=\"elementor-item\" tabindex=\"-1\">My account<\/a>\n<ul class=\"sub-menu elementor-nav-menu--dropdown\">\n\t<li class=\"menu-item menu-item-type-custom menu-item-object-custom menu-item-197\"><a href=\"https:\/\/josechimelisfineart.com\/mi-cuenta\/orders\/\" class=\"elementor-sub-item\" tabindex=\"-1\">Orders<\/a><\/li>\n\t<li class=\"menu-item menu-item-type-custom menu-item-object-custom menu-item-198\"><a href=\"https:\/\/josechimelisfineart.com\/mi-cuenta\/downloads\/\" class=\"elementor-sub-item\" tabindex=\"-1\">Downloads<\/a><\/li>\n\t<li class=\"menu-item menu-item-type-custom menu-item-object-custom menu-item-199\"><a href=\"https:\/\/josechimelisfineart.com\/mi-cuenta\/edit-address\/\" class=\"elementor-sub-item\" tabindex=\"-1\">Address<\/a><\/li>\n\t<li class=\"menu-item menu-item-type-custom menu-item-object-custom menu-item-200\"><a href=\"https:\/\/josechimelisfineart.com\/mi-cuenta\/edit-account\/\" class=\"elementor-sub-item\" tabindex=\"-1\">Account details<\/a><\/li>\n\t<li class=\"menu-item menu-item-type-custom menu-item-object-custom menu-item-202\"><a href=\"https:\/\/josechimelisfineart.com\/mi-cuenta\/lost-password\/\" class=\"elementor-sub-item\" tabindex=\"-1\">Lost password<\/a><\/li>\n<\/ul>\n<\/li>\n<\/ul>\t\t\t<\/nav>\n\t\t\t\t\t\t<\/div>\n\t\t\t\t<\/div>\n\t\t\t\t<\/div>\n\t\t<div class=\"elementor-element elementor-element-7570abbc e-con-full e-flex e-con e-child\" data-id=\"7570abbc\" data-element_type=\"container\" data-e-type=\"container\">\n\t\t\t\t<\/div>\n\t\t\t\t<\/div>\n\t\t<div class=\"elementor-element elementor-element-2efd907 e-con-full e-flex e-con e-parent\" data-id=\"2efd907\" data-element_type=\"container\" data-e-type=\"container\" data-settings=\"{&quot;background_background&quot;:&quot;classic&quot;}\">\n\t\t<div class=\"elementor-element elementor-element-e608260 e-con-full e-flex e-con e-child\" data-id=\"e608260\" data-element_type=\"container\" data-e-type=\"container\">\n\t\t\t\t<div class=\"elementor-element elementor-element-3bd02e1 elementor-widget elementor-widget-heading\" data-id=\"3bd02e1\" data-element_type=\"widget\" data-e-type=\"widget\" data-widget_type=\"heading.default\">\n\t\t\t\t<div class=\"elementor-widget-container\">\n\t\t\t\t\t<h2 class=\"elementor-heading-title elementor-size-default\">PRIVACY POLICY\n<\/h2>\t\t\t\t<\/div>\n\t\t\t\t<\/div>\n\t\t\t\t<div class=\"elementor-element elementor-element-79a5319 elementor-widget elementor-widget-text-editor\" data-id=\"79a5319\" data-element_type=\"widget\" data-e-type=\"widget\" data-widget_type=\"text-editor.default\">\n\t\t\t\t<div class=\"elementor-widget-container\">\n\t\t\t\t\t\t\t\t\t<p><span style=\"color: #999999;\"><strong>Piher Bathrooms S. L<\/strong> respects the privacy of users and is committed to protecting your personal data according to the General Regulation of Data Protection (RGPD) and other applicable regulations.<\/span><\/p><hr \/><h4><span style=\"color: #800000;\"><strong>Responsible for the Treatment<\/strong><\/span><\/h4><ul><li><span style=\"color: #999999;\"><strong>Social Reason:<\/strong> Piher Bathrooms S. L<\/span><\/li><li><span style=\"color: #999999;\"><strong>Address:<\/strong> Calle Antonio Ribas 28 low, 07006, Palma de Mallorca, Balearic islands, Spain<\/span><\/li><li><span style=\"color: #999999;\"><strong>CIF:<\/strong> B57110850<\/span><\/li><li><span style=\"color: #999999;\"><strong>Contact email:<\/strong> <strong><a style=\"color: #999999;\" rel=\"noopener\">hello@josechimelisfineart.com<\/a><\/strong><\/span><\/li><\/ul><hr \/><h4><span style=\"color: #800000;\"><strong>Purpose of the Treatment<\/strong><\/span><\/h4><p><span style=\"color: #999999;\">The personal data you provide to us will be processed for:<\/span><\/p><ol><li><span style=\"color: #999999;\">Manage your orders and requests.<\/span><\/li><li><span style=\"color: #999999;\">Respond to queries made through the contact form, email or WhatsApp.<\/span><\/li><li><span style=\"color: #999999;\">The sending of commercial communications, if you have given your express consent.<\/span><\/li><\/ol><h4><span style=\"color: #800000;\"><strong>Legal basis for the Processing<\/strong><\/span><\/h4><p><span style=\"color: #999999;\">The treatment of data is based on the consent of the individual concerned, as well as the need to manage contracts or requests made by the user.<\/span><\/p><h4><span style=\"color: #800000;\"><strong>Recipients of the Data<\/strong><\/span><\/h4><p><span style=\"color: #999999;\">No data will be transferred to third parties, except legal obligation.<\/span><\/p><h4><span style=\"color: #800000;\"><strong>User&#039;s rights<\/strong><\/span><\/h4><p><span style=\"color: #999999;\">As the owner of the data, has the right to:<\/span><\/p><ul><li><span style=\"color: #999999;\">Access to your personal data.<\/span><\/li><li><span style=\"color: #999999;\">To rectify the incorrect or incomplete data.<\/span><\/li><li><span style=\"color: #999999;\">Request removal of your data when no longer needed.<\/span><\/li><li><span style=\"color: #999999;\">To limit the processing of your data.<\/span><\/li><li><span style=\"color: #999999;\">Object to the processing for specific purposes.<\/span><\/li><li><span style=\"color: #999999;\">Request the portability of the data.<\/span><\/li><\/ul><p><span style=\"color: #999999;\">To exercise these rights, you may submit a request to <strong><a style=\"color: #999999;\" rel=\"noopener\">hello@josechimelisfineart.com<\/a><\/strong>enclosing a copy of your identity document.<\/span><\/p><h4><span style=\"color: #800000;\"><strong>Retention of Data<\/strong><\/span><\/h4><p><span style=\"color: #999999;\">Your data will be kept as long as necessary to fulfill the purposes described or until you request its suppression.<\/span><\/p>\t\t\t\t\t\t\t\t<\/div>\n\t\t\t\t<\/div>\n\t\t\t\t<div class=\"elementor-element elementor-element-e5769c4 elementor-widget elementor-widget-image\" data-id=\"e5769c4\" data-element_type=\"widget\" data-e-type=\"widget\" data-widget_type=\"image.default\">\n\t\t\t\t<div class=\"elementor-widget-container\">\n\t\t\t\t\t\t\t\t\t\t\t\t\t\t\t<img fetchpriority=\"high\" decoding=\"async\" width=\"500\" height=\"500\" src=\"https:\/\/josechimelisfineart.com\/wp-content\/uploads\/Diseno-sin-titulo-57.png\" class=\"attachment-1536x1536 size-1536x1536 wp-image-3820\" alt=\"Logo Jose Chimelis\" srcset=\"https:\/\/josechimelisfineart.com\/wp-content\/uploads\/Diseno-sin-titulo-57.png 500w, https:\/\/josechimelisfineart.com\/wp-content\/uploads\/Diseno-sin-titulo-57-12x12.png 12w, https:\/\/josechimelisfineart.com\/wp-content\/uploads\/Diseno-sin-titulo-57-300x300.png 300w, https:\/\/josechimelisfineart.com\/wp-content\/uploads\/Diseno-sin-titulo-57-100x100.png 100w, https:\/\/josechimelisfineart.com\/wp-content\/uploads\/Diseno-sin-titulo-57-50x50.png 50w\" sizes=\"(max-width: 500px) 100vw, 500px\" \/>\t\t\t\t\t\t\t\t\t\t\t\t\t\t\t<\/div>\n\t\t\t\t<\/div>\n\t\t\t\t<\/div>\n\t\t\t\t<\/div>\n\t\t\t\t<\/div>","protected":false},"excerpt":{"rendered":"<p>POL\u00cdTICA DE PRIVACIDAD Piher Ba\u00f1os S.L respeta la privacidad de los usuarios y se compromete a proteger sus datos personales conforme al Reglamento General de Protecci\u00f3n de Datos (RGPD) y dem\u00e1s normativa aplicable. Responsable del Tratamiento Raz\u00f3n Social: Piher Ba\u00f1os S.L Domicilio: Calle Antonio Ribas n\u00ba28 bajos, 07006, Palma de Mallorca, Baleares, Espa\u00f1a CIF: B57110850 &#8230; <a title=\"Pol\u00edtica de Privacidad\" class=\"read-more\" href=\"https:\/\/josechimelisfineart.com\/en_us\/politica-de-privacidad\/\" aria-label=\"Read more about Pol\u00edtica de Privacidad\">Read more<\/a><\/p>","protected":false},"author":1,"featured_media":0,"parent":0,"menu_order":0,"comment_status":"closed","ping_status":"closed","template":"elementor_canvas","meta":{"footnotes":""},"class_list":["post-1130","page","type-page","status-publish"],"yoast_head":"<!-- This site is optimized with the Yoast SEO plugin v27.4 - https:\/\/yoast.com\/product\/yoast-seo-wordpress\/ -->\n<title>Pol\u00edtica de Privacidad - Jose Chimelis fine art<\/title>\n<meta name=\"robots\" content=\"index, follow, max-snippet:-1, max-image-preview:large, max-video-preview:-1\" \/>\n<link rel=\"canonical\" href=\"https:\/\/josechimelisfineart.com\/en_us\/politica-de-privacidad\/\" \/>\n<meta property=\"og:locale\" content=\"en_US\" \/>\n<meta property=\"og:type\" content=\"article\" \/>\n<meta property=\"og:title\" content=\"Pol\u00edtica de Privacidad - Jose Chimelis fine art\" \/>\n<meta property=\"og:description\" content=\"POL\u00cdTICA DE PRIVACIDAD Piher Ba\u00f1os S.L respeta la privacidad de los usuarios y se compromete a proteger sus datos personales conforme al Reglamento General de Protecci\u00f3n de Datos (RGPD) y dem\u00e1s normativa aplicable. Responsable del Tratamiento Raz\u00f3n Social: Piher Ba\u00f1os S.L Domicilio: Calle Antonio Ribas n\u00ba28 bajos, 07006, Palma de Mallorca, Baleares, Espa\u00f1a CIF: B57110850 ... Read more\" \/>\n<meta property=\"og:url\" content=\"https:\/\/josechimelisfineart.com\/en_us\/politica-de-privacidad\/\" \/>\n<meta property=\"og:site_name\" content=\"Jose Chimelis fine art\" \/>\n<meta property=\"article:modified_time\" content=\"2025-01-30T18:50:16+00:00\" \/>\n<meta property=\"og:image\" content=\"https:\/\/josechimelisfineart.com\/wp-content\/uploads\/2024\/11\/logo-firma-faro-Blanco.png\" \/>\n\t<meta property=\"og:image:width\" content=\"2605\" \/>\n\t<meta property=\"og:image:height\" content=\"2487\" \/>\n\t<meta property=\"og:image:type\" content=\"image\/png\" \/>\n<meta name=\"twitter:card\" content=\"summary_large_image\" \/>\n<meta name=\"twitter:label1\" content=\"Est. reading time\" \/>\n\t<meta name=\"twitter:data1\" content=\"1 minute\" \/>\n<script type=\"application\/ld+json\" class=\"yoast-schema-graph\">{\"@context\":\"https:\\\/\\\/schema.org\",\"@graph\":[{\"@type\":\"WebPage\",\"@id\":\"https:\\\/\\\/josechimelisfineart.com\\\/politica-de-privacidad\\\/\",\"url\":\"https:\\\/\\\/josechimelisfineart.com\\\/politica-de-privacidad\\\/\",\"name\":\"Pol\u00edtica de Privacidad - Jose Chimelis fine art\",\"isPartOf\":{\"@id\":\"https:\\\/\\\/josechimelisfineart.com\\\/#website\"},\"primaryImageOfPage\":{\"@id\":\"https:\\\/\\\/josechimelisfineart.com\\\/politica-de-privacidad\\\/#primaryimage\"},\"image\":{\"@id\":\"https:\\\/\\\/josechimelisfineart.com\\\/politica-de-privacidad\\\/#primaryimage\"},\"thumbnailUrl\":\"https:\\\/\\\/josechimelisfineart.com\\\/wp-content\\\/uploads\\\/2024\\\/11\\\/logo-firma-faro-Blanco-150x150.png\",\"datePublished\":\"2024-11-29T11:04:01+00:00\",\"dateModified\":\"2025-01-30T18:50:16+00:00\",\"breadcrumb\":{\"@id\":\"https:\\\/\\\/josechimelisfineart.com\\\/politica-de-privacidad\\\/#breadcrumb\"},\"inLanguage\":\"en-US\",\"potentialAction\":[{\"@type\":\"ReadAction\",\"target\":[\"https:\\\/\\\/josechimelisfineart.com\\\/politica-de-privacidad\\\/\"]}]},{\"@type\":\"ImageObject\",\"inLanguage\":\"en-US\",\"@id\":\"https:\\\/\\\/josechimelisfineart.com\\\/politica-de-privacidad\\\/#primaryimage\",\"url\":\"https:\\\/\\\/josechimelisfineart.com\\\/wp-content\\\/uploads\\\/2024\\\/11\\\/logo-firma-faro-Blanco-150x150.png\",\"contentUrl\":\"https:\\\/\\\/josechimelisfineart.com\\\/wp-content\\\/uploads\\\/2024\\\/11\\\/logo-firma-faro-Blanco-150x150.png\"},{\"@type\":\"BreadcrumbList\",\"@id\":\"https:\\\/\\\/josechimelisfineart.com\\\/politica-de-privacidad\\\/#breadcrumb\",\"itemListElement\":[{\"@type\":\"ListItem\",\"position\":1,\"name\":\"Portada\",\"item\":\"https:\\\/\\\/josechimelisfineart.com\\\/\"},{\"@type\":\"ListItem\",\"position\":2,\"name\":\"Pol\u00edtica de Privacidad\"}]},{\"@type\":\"WebSite\",\"@id\":\"https:\\\/\\\/josechimelisfineart.com\\\/#website\",\"url\":\"https:\\\/\\\/josechimelisfineart.com\\\/\",\"name\":\"Jose Chimelis fine art\",\"description\":\"\",\"potentialAction\":[{\"@type\":\"SearchAction\",\"target\":{\"@type\":\"EntryPoint\",\"urlTemplate\":\"https:\\\/\\\/josechimelisfineart.com\\\/?s={search_term_string}\"},\"query-input\":{\"@type\":\"PropertyValueSpecification\",\"valueRequired\":true,\"valueName\":\"search_term_string\"}}],\"inLanguage\":\"en-US\"}]}<\/script>\n<!-- \/ Yoast SEO plugin. -->","yoast_head_json":{"title":"Pol\u00edtica de Privacidad - Jose Chimelis fine art","robots":{"index":"index","follow":"follow","max-snippet":"max-snippet:-1","max-image-preview":"max-image-preview:large","max-video-preview":"max-video-preview:-1"},"canonical":"https:\/\/josechimelisfineart.com\/en_us\/politica-de-privacidad\/","og_locale":"en_US","og_type":"article","og_title":"Pol\u00edtica de Privacidad - Jose Chimelis fine art","og_description":"POL\u00cdTICA DE PRIVACIDAD Piher Ba\u00f1os S.L respeta la privacidad de los usuarios y se compromete a proteger sus datos personales conforme al Reglamento General de Protecci\u00f3n de Datos (RGPD) y dem\u00e1s normativa aplicable. Responsable del Tratamiento Raz\u00f3n Social: Piher Ba\u00f1os S.L Domicilio: Calle Antonio Ribas n\u00ba28 bajos, 07006, Palma de Mallorca, Baleares, Espa\u00f1a CIF: B57110850 ... Read more","og_url":"https:\/\/josechimelisfineart.com\/en_us\/politica-de-privacidad\/","og_site_name":"Jose Chimelis fine art","article_modified_time":"2025-01-30T18:50:16+00:00","og_image":[{"width":2605,"height":2487,"url":"https:\/\/josechimelisfineart.com\/wp-content\/uploads\/2024\/11\/logo-firma-faro-Blanco.png","type":"image\/png"}],"twitter_card":"summary_large_image","twitter_misc":{"Est. reading time":"1 minute"},"schema":{"@context":"https:\/\/schema.org","@graph":[{"@type":"WebPage","@id":"https:\/\/josechimelisfineart.com\/politica-de-privacidad\/","url":"https:\/\/josechimelisfineart.com\/politica-de-privacidad\/","name":"Pol\u00edtica de Privacidad - Jose Chimelis fine art","isPartOf":{"@id":"https:\/\/josechimelisfineart.com\/#website"},"primaryImageOfPage":{"@id":"https:\/\/josechimelisfineart.com\/politica-de-privacidad\/#primaryimage"},"image":{"@id":"https:\/\/josechimelisfineart.com\/politica-de-privacidad\/#primaryimage"},"thumbnailUrl":"https:\/\/josechimelisfineart.com\/wp-content\/uploads\/2024\/11\/logo-firma-faro-Blanco-150x150.png","datePublished":"2024-11-29T11:04:01+00:00","dateModified":"2025-01-30T18:50:16+00:00","breadcrumb":{"@id":"https:\/\/josechimelisfineart.com\/politica-de-privacidad\/#breadcrumb"},"inLanguage":"en-US","potentialAction":[{"@type":"ReadAction","target":["https:\/\/josechimelisfineart.com\/politica-de-privacidad\/"]}]},{"@type":"ImageObject","inLanguage":"en-US","@id":"https:\/\/josechimelisfineart.com\/politica-de-privacidad\/#primaryimage","url":"https:\/\/josechimelisfineart.com\/wp-content\/uploads\/2024\/11\/logo-firma-faro-Blanco-150x150.png","contentUrl":"https:\/\/josechimelisfineart.com\/wp-content\/uploads\/2024\/11\/logo-firma-faro-Blanco-150x150.png"},{"@type":"BreadcrumbList","@id":"https:\/\/josechimelisfineart.com\/politica-de-privacidad\/#breadcrumb","itemListElement":[{"@type":"ListItem","position":1,"name":"Portada","item":"https:\/\/josechimelisfineart.com\/"},{"@type":"ListItem","position":2,"name":"Pol\u00edtica de Privacidad"}]},{"@type":"WebSite","@id":"https:\/\/josechimelisfineart.com\/#website","url":"https:\/\/josechimelisfineart.com\/","name":"Jose Chimelis fine art","description":"","potentialAction":[{"@type":"SearchAction","target":{"@type":"EntryPoint","urlTemplate":"https:\/\/josechimelisfineart.com\/?s={search_term_string}"},"query-input":{"@type":"PropertyValueSpecification","valueRequired":true,"valueName":"search_term_string"}}],"inLanguage":"en-US"}]}},"_links":{"self":[{"href":"https:\/\/josechimelisfineart.com\/en_us\/wp-json\/wp\/v2\/pages\/1130","targetHints":{"allow":["GET"]}}],"collection":[{"href":"https:\/\/josechimelisfineart.com\/en_us\/wp-json\/wp\/v2\/pages"}],"about":[{"href":"https:\/\/josechimelisfineart.com\/en_us\/wp-json\/wp\/v2\/types\/page"}],"author":[{"embeddable":true,"href":"https:\/\/josechimelisfineart.com\/en_us\/wp-json\/wp\/v2\/users\/1"}],"replies":[{"embeddable":true,"href":"https:\/\/josechimelisfineart.com\/en_us\/wp-json\/wp\/v2\/comments?post=1130"}],"version-history":[{"count":13,"href":"https:\/\/josechimelisfineart.com\/en_us\/wp-json\/wp\/v2\/pages\/1130\/revisions"}],"predecessor-version":[{"id":3863,"href":"https:\/\/josechimelisfineart.com\/en_us\/wp-json\/wp\/v2\/pages\/1130\/revisions\/3863"}],"wp:attachment":[{"href":"https:\/\/josechimelisfineart.com\/en_us\/wp-json\/wp\/v2\/media?parent=1130"}],"curies":[{"name":"wp","href":"https:\/\/api.w.org\/{rel}","templated":true}]}}