{"id":1138,"date":"2024-11-29T12:09:08","date_gmt":"2024-11-29T11:09:08","guid":{"rendered":"https:\/\/josechimelisfineart.com\/?page_id=1138"},"modified":"2025-01-30T20:09:58","modified_gmt":"2025-01-30T19:09:58","slug":"politica-de-cookies","status":"publish","type":"page","link":"https:\/\/josechimelisfineart.com\/en_us\/politica-de-cookies\/","title":{"rendered":"Pol\u00edtica de Cookies"},"content":{"rendered":"<div data-elementor-type=\"wp-page\" data-elementor-id=\"1138\" class=\"elementor elementor-1138\" data-elementor-post-type=\"page\">\n\t\t\t\t<div class=\"elementor-element elementor-element-25687920 e-con-full e-flex e-con e-parent\" data-id=\"25687920\" data-element_type=\"container\" data-e-type=\"container\" data-settings=\"{&quot;background_background&quot;:&quot;classic&quot;}\">\n\t\t<div class=\"elementor-element elementor-element-6073ebf3 e-con-full e-flex e-con e-child\" data-id=\"6073ebf3\" data-element_type=\"container\" data-e-type=\"container\">\n\t\t\t\t<div class=\"elementor-element elementor-element-5eb850fe elementor-widget elementor-widget-image\" data-id=\"5eb850fe\" data-element_type=\"widget\" data-e-type=\"widget\" data-widget_type=\"image.default\">\n\t\t\t\t<div class=\"elementor-widget-container\">\n\t\t\t\t\t\t\t\t\t\t\t\t\t\t\t<img fetchpriority=\"high\" decoding=\"async\" width=\"1536\" height=\"428\" src=\"https:\/\/josechimelisfineart.com\/wp-content\/uploads\/Sin-titulo-1-copia-1536x428.png\" class=\"attachment-1536x1536 size-1536x1536 wp-image-3789\" alt=\"Logo Jose Chimelis\" srcset=\"https:\/\/josechimelisfineart.com\/wp-content\/uploads\/Sin-titulo-1-copia-1536x428.png 1536w, https:\/\/josechimelisfineart.com\/wp-content\/uploads\/Sin-titulo-1-copia-768x214.png 768w, https:\/\/josechimelisfineart.com\/wp-content\/uploads\/Sin-titulo-1-copia-2048x571.png 2048w, https:\/\/josechimelisfineart.com\/wp-content\/uploads\/Sin-titulo-1-copia-18x5.png 18w, https:\/\/josechimelisfineart.com\/wp-content\/uploads\/Sin-titulo-1-copia-600x167.png 600w\" sizes=\"(max-width: 1536px) 100vw, 1536px\" \/>\t\t\t\t\t\t\t\t\t\t\t\t\t\t\t<\/div>\n\t\t\t\t<\/div>\n\t\t\t\t<\/div>\n\t\t<div class=\"elementor-element elementor-element-658dd440 e-con-full e-flex e-con e-child\" data-id=\"658dd440\" data-element_type=\"container\" data-e-type=\"container\">\n\t\t\t\t<div class=\"elementor-element elementor-element-af1b066 elementor-nav-menu--dropdown-tablet elementor-nav-menu__text-align-aside elementor-nav-menu--toggle elementor-nav-menu--burger elementor-widget elementor-widget-nav-menu\" data-id=\"af1b066\" data-element_type=\"widget\" data-e-type=\"widget\" data-settings=\"{&quot;layout&quot;:&quot;horizontal&quot;,&quot;submenu_icon&quot;:{&quot;value&quot;:&quot;&lt;svg aria-hidden=\\&quot;true\\&quot; class=\\&quot;e-font-icon-svg e-fas-caret-down\\&quot; viewBox=\\&quot;0 0 320 512\\&quot; xmlns=\\&quot;http:\\\/\\\/www.w3.org\\\/2000\\\/svg\\&quot;&gt;&lt;path d=\\&quot;M31.3 192h257.3c17.8 0 26.7 21.5 14.1 34.1L174.1 354.8c-7.8 7.8-20.5 7.8-28.3 0L17.2 226.1C4.6 213.5 13.5 192 31.3 192z\\&quot;&gt;&lt;\\\/path&gt;&lt;\\\/svg&gt;&quot;,&quot;library&quot;:&quot;fa-solid&quot;},&quot;toggle&quot;:&quot;burger&quot;}\" data-widget_type=\"nav-menu.default\">\n\t\t\t\t<div class=\"elementor-widget-container\">\n\t\t\t\t\t\t\t\t<nav aria-label=\"Menu\" class=\"elementor-nav-menu--main elementor-nav-menu__container elementor-nav-menu--layout-horizontal e--pointer-none\">\n\t\t\t\t<ul id=\"menu-1-af1b066\" class=\"elementor-nav-menu\"><li class=\"menu-item menu-item-type-custom menu-item-object-custom menu-item-84\"><a href=\"https:\/\/josechimelisfineart.com\/\" class=\"elementor-item\">Home<\/a><\/li>\n<li class=\"menu-item menu-item-type-custom menu-item-object-custom menu-item-has-children menu-item-732\"><a href=\"#\" class=\"elementor-item elementor-item-anchor\">The Author<\/a>\n<ul class=\"sub-menu elementor-nav-menu--dropdown\">\n\t<li class=\"menu-item menu-item-type-post_type menu-item-object-page menu-item-182\"><a href=\"https:\/\/josechimelisfineart.com\/en_us\/sobre-mi\/\" class=\"elementor-sub-item\">About me<\/a><\/li>\n\t<li class=\"menu-item menu-item-type-post_type menu-item-object-page menu-item-624\"><a href=\"https:\/\/josechimelisfineart.com\/en_us\/contacto\/\" class=\"elementor-sub-item\">Contact<\/a><\/li>\n<\/ul>\n<\/li>\n<li class=\"menu-item menu-item-type-custom menu-item-object-custom menu-item-500\"><a target=\"_blank\" href=\"https:\/\/youtu.be\/1l-H6Witau4?si=_YWRcSJ2_eqGtWWB\" class=\"elementor-item\">Gallery Pro<\/a><\/li>\n<li class=\"menu-item menu-item-type-custom menu-item-object-custom menu-item-has-children menu-item-1160\"><a href=\"#\" class=\"elementor-item elementor-item-anchor\">Fotos Premium<\/a>\n<ul class=\"sub-menu elementor-nav-menu--dropdown\">\n\t<li class=\"menu-item menu-item-type-post_type menu-item-object-page menu-item-94\"><a href=\"https:\/\/josechimelisfineart.com\/en_us\/fotos-premium\/\" class=\"elementor-sub-item\">Elige tu foto<\/a><\/li>\n<\/ul>\n<\/li>\n<li class=\"menu-item menu-item-type-custom menu-item-object-custom menu-item-418\"><a target=\"_blank\" href=\"http:\/\/www.josechimelis.com\" class=\"elementor-item\">My web<\/a><\/li>\n<li class=\"menu-item menu-item-type-post_type menu-item-object-page menu-item-93\"><a href=\"https:\/\/josechimelisfineart.com\/en_us\/preguntas\/\" class=\"elementor-item\">Questions<\/a><\/li>\n<li class=\"menu-item menu-item-type-post_type menu-item-object-page menu-item-1610\"><a href=\"https:\/\/josechimelisfineart.com\/en_us\/registro-2\/\" class=\"elementor-item\">Registration<\/a><\/li>\n<li class=\"menu-item menu-item-type-post_type menu-item-object-page menu-item-has-children menu-item-1187\"><a href=\"https:\/\/josechimelisfineart.com\/en_us\/mi-cuenta\/\" class=\"elementor-item\">My account<\/a>\n<ul class=\"sub-menu elementor-nav-menu--dropdown\">\n\t<li class=\"menu-item menu-item-type-custom menu-item-object-custom menu-item-197\"><a href=\"https:\/\/josechimelisfineart.com\/mi-cuenta\/orders\/\" class=\"elementor-sub-item\">Orders<\/a><\/li>\n\t<li class=\"menu-item menu-item-type-custom menu-item-object-custom menu-item-198\"><a href=\"https:\/\/josechimelisfineart.com\/mi-cuenta\/downloads\/\" class=\"elementor-sub-item\">Downloads<\/a><\/li>\n\t<li class=\"menu-item menu-item-type-custom menu-item-object-custom menu-item-199\"><a href=\"https:\/\/josechimelisfineart.com\/mi-cuenta\/edit-address\/\" class=\"elementor-sub-item\">Address<\/a><\/li>\n\t<li class=\"menu-item menu-item-type-custom menu-item-object-custom menu-item-200\"><a href=\"https:\/\/josechimelisfineart.com\/mi-cuenta\/edit-account\/\" class=\"elementor-sub-item\">Account details<\/a><\/li>\n\t<li class=\"menu-item menu-item-type-custom menu-item-object-custom menu-item-202\"><a href=\"https:\/\/josechimelisfineart.com\/mi-cuenta\/lost-password\/\" class=\"elementor-sub-item\">Lost password<\/a><\/li>\n<\/ul>\n<\/li>\n<\/ul>\t\t\t<\/nav>\n\t\t\t\t\t<div class=\"elementor-menu-toggle\" role=\"button\" tabindex=\"0\" aria-label=\"Menu Toggle\" aria-expanded=\"false\">\n\t\t\t<svg aria-hidden=\"true\" role=\"presentation\" class=\"elementor-menu-toggle__icon--open e-font-icon-svg e-eicon-menu-bar\" viewbox=\"0 0 1000 1000\" xmlns=\"http:\/\/www.w3.org\/2000\/svg\"><path d=\"M104 333H896C929 333 958 304 958 271S929 208 896 208H104C71 208 42 237 42 271S71 333 104 333ZM104 583H896C929 583 958 554 958 521S929 458 896 458H104C71 458 42 487 42 521S71 583 104 583ZM104 833H896C929 833 958 804 958 771S929 708 896 708H104C71 708 42 737 42 771S71 833 104 833Z\"><\/path><\/svg><svg aria-hidden=\"true\" role=\"presentation\" class=\"elementor-menu-toggle__icon--close e-font-icon-svg e-eicon-close\" viewbox=\"0 0 1000 1000\" xmlns=\"http:\/\/www.w3.org\/2000\/svg\"><path d=\"M742 167L500 408 258 167C246 154 233 150 217 150 196 150 179 158 167 167 154 179 150 196 150 212 150 229 154 242 171 254L408 500 167 742C138 771 138 800 167 829 196 858 225 858 254 829L496 587 738 829C750 842 767 846 783 846 800 846 817 842 829 829 842 817 846 804 846 783 846 767 842 750 829 737L588 500 833 258C863 229 863 200 833 171 804 137 775 137 742 167Z\"><\/path><\/svg>\t\t<\/div>\n\t\t\t\t\t<nav class=\"elementor-nav-menu--dropdown elementor-nav-menu__container\" aria-hidden=\"true\">\n\t\t\t\t<ul id=\"menu-2-af1b066\" class=\"elementor-nav-menu\"><li class=\"menu-item menu-item-type-custom menu-item-object-custom menu-item-84\"><a href=\"https:\/\/josechimelisfineart.com\/\" class=\"elementor-item\" tabindex=\"-1\">Home<\/a><\/li>\n<li class=\"menu-item menu-item-type-custom menu-item-object-custom menu-item-has-children menu-item-732\"><a href=\"#\" class=\"elementor-item elementor-item-anchor\" tabindex=\"-1\">The Author<\/a>\n<ul class=\"sub-menu elementor-nav-menu--dropdown\">\n\t<li class=\"menu-item menu-item-type-post_type menu-item-object-page menu-item-182\"><a href=\"https:\/\/josechimelisfineart.com\/en_us\/sobre-mi\/\" class=\"elementor-sub-item\" tabindex=\"-1\">About me<\/a><\/li>\n\t<li class=\"menu-item menu-item-type-post_type menu-item-object-page menu-item-624\"><a href=\"https:\/\/josechimelisfineart.com\/en_us\/contacto\/\" class=\"elementor-sub-item\" tabindex=\"-1\">Contact<\/a><\/li>\n<\/ul>\n<\/li>\n<li class=\"menu-item menu-item-type-custom menu-item-object-custom menu-item-500\"><a target=\"_blank\" href=\"https:\/\/youtu.be\/1l-H6Witau4?si=_YWRcSJ2_eqGtWWB\" class=\"elementor-item\" tabindex=\"-1\">Gallery Pro<\/a><\/li>\n<li class=\"menu-item menu-item-type-custom menu-item-object-custom menu-item-has-children menu-item-1160\"><a href=\"#\" class=\"elementor-item elementor-item-anchor\" tabindex=\"-1\">Fotos Premium<\/a>\n<ul class=\"sub-menu elementor-nav-menu--dropdown\">\n\t<li class=\"menu-item menu-item-type-post_type menu-item-object-page menu-item-94\"><a href=\"https:\/\/josechimelisfineart.com\/en_us\/fotos-premium\/\" class=\"elementor-sub-item\" tabindex=\"-1\">Elige tu foto<\/a><\/li>\n<\/ul>\n<\/li>\n<li class=\"menu-item menu-item-type-custom menu-item-object-custom menu-item-418\"><a target=\"_blank\" href=\"http:\/\/www.josechimelis.com\" class=\"elementor-item\" tabindex=\"-1\">My web<\/a><\/li>\n<li class=\"menu-item menu-item-type-post_type menu-item-object-page menu-item-93\"><a href=\"https:\/\/josechimelisfineart.com\/en_us\/preguntas\/\" class=\"elementor-item\" tabindex=\"-1\">Questions<\/a><\/li>\n<li class=\"menu-item menu-item-type-post_type menu-item-object-page menu-item-1610\"><a href=\"https:\/\/josechimelisfineart.com\/en_us\/registro-2\/\" class=\"elementor-item\" tabindex=\"-1\">Registration<\/a><\/li>\n<li class=\"menu-item menu-item-type-post_type menu-item-object-page menu-item-has-children menu-item-1187\"><a href=\"https:\/\/josechimelisfineart.com\/en_us\/mi-cuenta\/\" class=\"elementor-item\" tabindex=\"-1\">My account<\/a>\n<ul class=\"sub-menu elementor-nav-menu--dropdown\">\n\t<li class=\"menu-item menu-item-type-custom menu-item-object-custom menu-item-197\"><a href=\"https:\/\/josechimelisfineart.com\/mi-cuenta\/orders\/\" class=\"elementor-sub-item\" tabindex=\"-1\">Orders<\/a><\/li>\n\t<li class=\"menu-item menu-item-type-custom menu-item-object-custom menu-item-198\"><a href=\"https:\/\/josechimelisfineart.com\/mi-cuenta\/downloads\/\" class=\"elementor-sub-item\" tabindex=\"-1\">Downloads<\/a><\/li>\n\t<li class=\"menu-item menu-item-type-custom menu-item-object-custom menu-item-199\"><a href=\"https:\/\/josechimelisfineart.com\/mi-cuenta\/edit-address\/\" class=\"elementor-sub-item\" tabindex=\"-1\">Address<\/a><\/li>\n\t<li class=\"menu-item menu-item-type-custom menu-item-object-custom menu-item-200\"><a href=\"https:\/\/josechimelisfineart.com\/mi-cuenta\/edit-account\/\" class=\"elementor-sub-item\" tabindex=\"-1\">Account details<\/a><\/li>\n\t<li class=\"menu-item menu-item-type-custom menu-item-object-custom menu-item-202\"><a href=\"https:\/\/josechimelisfineart.com\/mi-cuenta\/lost-password\/\" class=\"elementor-sub-item\" tabindex=\"-1\">Lost password<\/a><\/li>\n<\/ul>\n<\/li>\n<\/ul>\t\t\t<\/nav>\n\t\t\t\t\t\t<\/div>\n\t\t\t\t<\/div>\n\t\t\t\t<\/div>\n\t\t<div class=\"elementor-element elementor-element-37e7ecea e-con-full e-flex e-con e-child\" data-id=\"37e7ecea\" data-element_type=\"container\" data-e-type=\"container\">\n\t\t\t\t<\/div>\n\t\t\t\t<\/div>\n\t\t<div class=\"elementor-element elementor-element-2efd907 e-con-full e-flex e-con e-parent\" data-id=\"2efd907\" data-element_type=\"container\" data-e-type=\"container\" data-settings=\"{&quot;background_background&quot;:&quot;classic&quot;}\">\n\t\t<div class=\"elementor-element elementor-element-e608260 e-con-full e-flex e-con e-child\" data-id=\"e608260\" data-element_type=\"container\" data-e-type=\"container\">\n\t\t\t\t<div class=\"elementor-element elementor-element-3bd02e1 elementor-widget elementor-widget-heading\" data-id=\"3bd02e1\" data-element_type=\"widget\" data-e-type=\"widget\" data-widget_type=\"heading.default\">\n\t\t\t\t<div class=\"elementor-widget-container\">\n\t\t\t\t\t<h2 class=\"elementor-heading-title elementor-size-default\">COOKIE POLICY\n<\/h2>\t\t\t\t<\/div>\n\t\t\t\t<\/div>\n\t\t\t\t<div class=\"elementor-element elementor-element-79a5319 elementor-widget elementor-widget-text-editor\" data-id=\"79a5319\" data-element_type=\"widget\" data-e-type=\"widget\" data-widget_type=\"text-editor.default\">\n\t\t\t\t<div class=\"elementor-widget-container\">\n\t\t\t\t\t\t\t\t\t<p><span style=\"color: #999999;\">This website uses cookies to improve the user experience and ensure its correct operation.<\/span><\/p><hr \/><h4><span style=\"color: #800000;\"><strong>What are Cookies?<\/strong><\/span><\/h4><p><span style=\"color: #999999;\">Cookies are small files which are stored on a user&#039;s device when visiting a web page. Allow, among other things, to remember your preferences and improve navigation.<\/span><\/p><h4><span style=\"color: #800000;\"><strong>Types of Cookies Used<\/strong><\/span><\/h4><ol><li><span style=\"color: #999999;\"><strong>Technical Cookies:<\/strong> Necessary for the website to function.<\/span><\/li><li><span style=\"color: #999999;\"><strong>Cookies of analysis:<\/strong> Help measure the traffic and the behavior of the users.<\/span><\/li><li><span style=\"color: #999999;\"><strong>Cookies customization:<\/strong> Adapt the content to your preferences.<\/span><\/li><\/ol><hr \/><h4><span style=\"color: #800000;\"><strong>Management of Cookies<\/strong><\/span><\/h4><p><span style=\"color: #999999;\">You can manage and configure the cookies from your browser:<\/span><\/p><ul><li><span style=\"color: #999999;\"><strong>Google Chrome:<\/strong> Settings &gt; Privacy &gt; content Settings &gt; Cookies<\/span><\/li><li><span style=\"color: #999999;\"><strong>Mozilla Firefox:<\/strong> Options &gt; Privacy and security &gt; Cookies and site data<\/span><\/li><li><span style=\"color: #999999;\"><strong>Microsoft Edge:<\/strong> Settings &gt; Cookies and site permissions<\/span><\/li><\/ul><hr \/><h4><span style=\"color: #800000;\"><strong>Rejection or Deletion of Cookies<\/strong><\/span><\/h4><p><span style=\"color: #999999;\">If you choose to block or delete cookies, certain features of the site may not be available.<\/span><\/p><h4><span style=\"color: #800000;\"><strong>To consent to the Use of Cookies<\/strong><\/span><\/h4><p><span style=\"color: #999999;\">By continuing to browse this site, you agree to the use of cookies as described in this policy.<\/span><\/p><p><span style=\"color: #999999;\">For more information, you can write to us at <strong><a style=\"color: #999999;\" rel=\"noopener\">hello@josechimelisfineart.com<\/a><\/strong>.<\/span><\/p>\t\t\t\t\t\t\t\t<\/div>\n\t\t\t\t<\/div>\n\t\t\t\t<div class=\"elementor-element elementor-element-0bbae66 elementor-widget elementor-widget-image\" data-id=\"0bbae66\" data-element_type=\"widget\" data-e-type=\"widget\" data-widget_type=\"image.default\">\n\t\t\t\t<div class=\"elementor-widget-container\">\n\t\t\t\t\t\t\t\t\t\t\t\t\t\t\t<img decoding=\"async\" width=\"500\" height=\"500\" data-src=\"https:\/\/josechimelisfineart.com\/wp-content\/uploads\/Diseno-sin-titulo-57.png\" class=\"attachment-1536x1536 size-1536x1536 wp-image-3820 lazyload\" alt=\"Logo Jose Chimelis\" data-srcset=\"https:\/\/josechimelisfineart.com\/wp-content\/uploads\/Diseno-sin-titulo-57.png 500w, https:\/\/josechimelisfineart.com\/wp-content\/uploads\/Diseno-sin-titulo-57-12x12.png 12w, https:\/\/josechimelisfineart.com\/wp-content\/uploads\/Diseno-sin-titulo-57-300x300.png 300w, https:\/\/josechimelisfineart.com\/wp-content\/uploads\/Diseno-sin-titulo-57-100x100.png 100w, https:\/\/josechimelisfineart.com\/wp-content\/uploads\/Diseno-sin-titulo-57-50x50.png 50w\" data-sizes=\"(max-width: 500px) 100vw, 500px\" src=\"data:image\/svg+xml;base64,PHN2ZyB3aWR0aD0iMSIgaGVpZ2h0PSIxIiB4bWxucz0iaHR0cDovL3d3dy53My5vcmcvMjAwMC9zdmciPjwvc3ZnPg==\" style=\"--smush-placeholder-width: 500px; --smush-placeholder-aspect-ratio: 500\/500;\" \/>\t\t\t\t\t\t\t\t\t\t\t\t\t\t\t<\/div>\n\t\t\t\t<\/div>\n\t\t\t\t<\/div>\n\t\t\t\t<\/div>\n\t\t\t\t<\/div>","protected":false},"excerpt":{"rendered":"<p>POL\u00cdTICA DE COOKIES El presente sitio web utiliza cookies para mejorar la experiencia del usuario y garantizar su correcto funcionamiento. \u00bfQu\u00e9 son las Cookies? Las cookies son peque\u00f1os archivos que se almacenan en el dispositivo del usuario al visitar una p\u00e1gina web. Permiten, entre otras cosas, recordar sus preferencias y mejorar la navegaci\u00f3n. Tipos de &#8230; <a title=\"Pol\u00edtica de Cookies\" class=\"read-more\" href=\"https:\/\/josechimelisfineart.com\/en_us\/politica-de-cookies\/\" aria-label=\"Read more about Pol\u00edtica de Cookies\">Read more<\/a><\/p>","protected":false},"author":1,"featured_media":0,"parent":0,"menu_order":0,"comment_status":"closed","ping_status":"closed","template":"elementor_canvas","meta":{"footnotes":""},"class_list":["post-1138","page","type-page","status-publish"],"yoast_head":"<!-- This site is optimized with the Yoast SEO plugin v27.4 - https:\/\/yoast.com\/product\/yoast-seo-wordpress\/ -->\n<title>Pol\u00edtica de Cookies - Jose Chimelis fine art<\/title>\n<meta name=\"robots\" content=\"index, follow, max-snippet:-1, max-image-preview:large, max-video-preview:-1\" \/>\n<link rel=\"canonical\" href=\"https:\/\/josechimelisfineart.com\/en_us\/politica-de-cookies\/\" \/>\n<meta property=\"og:locale\" content=\"en_US\" \/>\n<meta property=\"og:type\" content=\"article\" \/>\n<meta property=\"og:title\" content=\"Pol\u00edtica de Cookies - Jose Chimelis fine art\" \/>\n<meta property=\"og:description\" content=\"POL\u00cdTICA DE COOKIES El presente sitio web utiliza cookies para mejorar la experiencia del usuario y garantizar su correcto funcionamiento. \u00bfQu\u00e9 son las Cookies? Las cookies son peque\u00f1os archivos que se almacenan en el dispositivo del usuario al visitar una p\u00e1gina web. Permiten, entre otras cosas, recordar sus preferencias y mejorar la navegaci\u00f3n. Tipos de ... Read more\" \/>\n<meta property=\"og:url\" content=\"https:\/\/josechimelisfineart.com\/en_us\/politica-de-cookies\/\" \/>\n<meta property=\"og:site_name\" content=\"Jose Chimelis fine art\" \/>\n<meta property=\"article:modified_time\" content=\"2025-01-30T19:09:58+00:00\" \/>\n<meta property=\"og:image\" content=\"https:\/\/josechimelisfineart.com\/wp-content\/uploads\/Sin-titulo-1-copia.png\" \/>\n\t<meta property=\"og:image:width\" content=\"2213\" \/>\n\t<meta property=\"og:image:height\" content=\"617\" \/>\n\t<meta property=\"og:image:type\" content=\"image\/png\" \/>\n<meta name=\"twitter:card\" content=\"summary_large_image\" \/>\n<meta name=\"twitter:label1\" content=\"Est. reading time\" \/>\n\t<meta name=\"twitter:data1\" content=\"1 minute\" \/>\n<script type=\"application\/ld+json\" class=\"yoast-schema-graph\">{\"@context\":\"https:\\\/\\\/schema.org\",\"@graph\":[{\"@type\":\"WebPage\",\"@id\":\"https:\\\/\\\/josechimelisfineart.com\\\/politica-de-cookies\\\/\",\"url\":\"https:\\\/\\\/josechimelisfineart.com\\\/politica-de-cookies\\\/\",\"name\":\"Pol\u00edtica de Cookies - Jose Chimelis fine art\",\"isPartOf\":{\"@id\":\"https:\\\/\\\/josechimelisfineart.com\\\/#website\"},\"primaryImageOfPage\":{\"@id\":\"https:\\\/\\\/josechimelisfineart.com\\\/politica-de-cookies\\\/#primaryimage\"},\"image\":{\"@id\":\"https:\\\/\\\/josechimelisfineart.com\\\/politica-de-cookies\\\/#primaryimage\"},\"thumbnailUrl\":\"https:\\\/\\\/josechimelisfineart.com\\\/wp-content\\\/uploads\\\/Sin-titulo-1-copia-1536x428.png\",\"datePublished\":\"2024-11-29T11:09:08+00:00\",\"dateModified\":\"2025-01-30T19:09:58+00:00\",\"breadcrumb\":{\"@id\":\"https:\\\/\\\/josechimelisfineart.com\\\/politica-de-cookies\\\/#breadcrumb\"},\"inLanguage\":\"en-US\",\"potentialAction\":[{\"@type\":\"ReadAction\",\"target\":[\"https:\\\/\\\/josechimelisfineart.com\\\/politica-de-cookies\\\/\"]}]},{\"@type\":\"ImageObject\",\"inLanguage\":\"en-US\",\"@id\":\"https:\\\/\\\/josechimelisfineart.com\\\/politica-de-cookies\\\/#primaryimage\",\"url\":\"https:\\\/\\\/josechimelisfineart.com\\\/wp-content\\\/uploads\\\/Sin-titulo-1-copia-1536x428.png\",\"contentUrl\":\"https:\\\/\\\/josechimelisfineart.com\\\/wp-content\\\/uploads\\\/Sin-titulo-1-copia-1536x428.png\"},{\"@type\":\"BreadcrumbList\",\"@id\":\"https:\\\/\\\/josechimelisfineart.com\\\/politica-de-cookies\\\/#breadcrumb\",\"itemListElement\":[{\"@type\":\"ListItem\",\"position\":1,\"name\":\"Portada\",\"item\":\"https:\\\/\\\/josechimelisfineart.com\\\/\"},{\"@type\":\"ListItem\",\"position\":2,\"name\":\"Pol\u00edtica de Cookies\"}]},{\"@type\":\"WebSite\",\"@id\":\"https:\\\/\\\/josechimelisfineart.com\\\/#website\",\"url\":\"https:\\\/\\\/josechimelisfineart.com\\\/\",\"name\":\"Jose Chimelis fine art\",\"description\":\"\",\"potentialAction\":[{\"@type\":\"SearchAction\",\"target\":{\"@type\":\"EntryPoint\",\"urlTemplate\":\"https:\\\/\\\/josechimelisfineart.com\\\/?s={search_term_string}\"},\"query-input\":{\"@type\":\"PropertyValueSpecification\",\"valueRequired\":true,\"valueName\":\"search_term_string\"}}],\"inLanguage\":\"en-US\"}]}<\/script>\n<!-- \/ Yoast SEO plugin. -->","yoast_head_json":{"title":"Pol\u00edtica de Cookies - Jose Chimelis fine art","robots":{"index":"index","follow":"follow","max-snippet":"max-snippet:-1","max-image-preview":"max-image-preview:large","max-video-preview":"max-video-preview:-1"},"canonical":"https:\/\/josechimelisfineart.com\/en_us\/politica-de-cookies\/","og_locale":"en_US","og_type":"article","og_title":"Pol\u00edtica de Cookies - Jose Chimelis fine art","og_description":"POL\u00cdTICA DE COOKIES El presente sitio web utiliza cookies para mejorar la experiencia del usuario y garantizar su correcto funcionamiento. \u00bfQu\u00e9 son las Cookies? Las cookies son peque\u00f1os archivos que se almacenan en el dispositivo del usuario al visitar una p\u00e1gina web. Permiten, entre otras cosas, recordar sus preferencias y mejorar la navegaci\u00f3n. Tipos de ... Read more","og_url":"https:\/\/josechimelisfineart.com\/en_us\/politica-de-cookies\/","og_site_name":"Jose Chimelis fine art","article_modified_time":"2025-01-30T19:09:58+00:00","og_image":[{"width":2213,"height":617,"url":"https:\/\/josechimelisfineart.com\/wp-content\/uploads\/Sin-titulo-1-copia.png","type":"image\/png"}],"twitter_card":"summary_large_image","twitter_misc":{"Est. reading time":"1 minute"},"schema":{"@context":"https:\/\/schema.org","@graph":[{"@type":"WebPage","@id":"https:\/\/josechimelisfineart.com\/politica-de-cookies\/","url":"https:\/\/josechimelisfineart.com\/politica-de-cookies\/","name":"Pol\u00edtica de Cookies - Jose Chimelis fine art","isPartOf":{"@id":"https:\/\/josechimelisfineart.com\/#website"},"primaryImageOfPage":{"@id":"https:\/\/josechimelisfineart.com\/politica-de-cookies\/#primaryimage"},"image":{"@id":"https:\/\/josechimelisfineart.com\/politica-de-cookies\/#primaryimage"},"thumbnailUrl":"https:\/\/josechimelisfineart.com\/wp-content\/uploads\/Sin-titulo-1-copia-1536x428.png","datePublished":"2024-11-29T11:09:08+00:00","dateModified":"2025-01-30T19:09:58+00:00","breadcrumb":{"@id":"https:\/\/josechimelisfineart.com\/politica-de-cookies\/#breadcrumb"},"inLanguage":"en-US","potentialAction":[{"@type":"ReadAction","target":["https:\/\/josechimelisfineart.com\/politica-de-cookies\/"]}]},{"@type":"ImageObject","inLanguage":"en-US","@id":"https:\/\/josechimelisfineart.com\/politica-de-cookies\/#primaryimage","url":"https:\/\/josechimelisfineart.com\/wp-content\/uploads\/Sin-titulo-1-copia-1536x428.png","contentUrl":"https:\/\/josechimelisfineart.com\/wp-content\/uploads\/Sin-titulo-1-copia-1536x428.png"},{"@type":"BreadcrumbList","@id":"https:\/\/josechimelisfineart.com\/politica-de-cookies\/#breadcrumb","itemListElement":[{"@type":"ListItem","position":1,"name":"Portada","item":"https:\/\/josechimelisfineart.com\/"},{"@type":"ListItem","position":2,"name":"Pol\u00edtica de Cookies"}]},{"@type":"WebSite","@id":"https:\/\/josechimelisfineart.com\/#website","url":"https:\/\/josechimelisfineart.com\/","name":"Jose Chimelis fine art","description":"","potentialAction":[{"@type":"SearchAction","target":{"@type":"EntryPoint","urlTemplate":"https:\/\/josechimelisfineart.com\/?s={search_term_string}"},"query-input":{"@type":"PropertyValueSpecification","valueRequired":true,"valueName":"search_term_string"}}],"inLanguage":"en-US"}]}},"_links":{"self":[{"href":"https:\/\/josechimelisfineart.com\/en_us\/wp-json\/wp\/v2\/pages\/1138","targetHints":{"allow":["GET"]}}],"collection":[{"href":"https:\/\/josechimelisfineart.com\/en_us\/wp-json\/wp\/v2\/pages"}],"about":[{"href":"https:\/\/josechimelisfineart.com\/en_us\/wp-json\/wp\/v2\/types\/page"}],"author":[{"embeddable":true,"href":"https:\/\/josechimelisfineart.com\/en_us\/wp-json\/wp\/v2\/users\/1"}],"replies":[{"embeddable":true,"href":"https:\/\/josechimelisfineart.com\/en_us\/wp-json\/wp\/v2\/comments?post=1138"}],"version-history":[{"count":16,"href":"https:\/\/josechimelisfineart.com\/en_us\/wp-json\/wp\/v2\/pages\/1138\/revisions"}],"predecessor-version":[{"id":3899,"href":"https:\/\/josechimelisfineart.com\/en_us\/wp-json\/wp\/v2\/pages\/1138\/revisions\/3899"}],"wp:attachment":[{"href":"https:\/\/josechimelisfineart.com\/en_us\/wp-json\/wp\/v2\/media?parent=1138"}],"curies":[{"name":"wp","href":"https:\/\/api.w.org\/{rel}","templated":true}]}}